{"id":2050,"date":"2019-09-04T10:49:46","date_gmt":"2019-09-04T10:49:46","guid":{"rendered":"http:\/\/impreza15.us-themes.com\/?page_id=2050"},"modified":"2025-11-27T17:53:25","modified_gmt":"2025-11-27T16:53:25","slug":"entrega","status":"publish","type":"page","link":"https:\/\/origenlatino.pl\/pl\/entrega\/","title":{"rendered":"Dostawa"},"content":{"rendered":"<section class=\"l-section wpb_row height_custom\"><div class=\"l-section-h i-cf\"><div class=\"g-cols vc_row via_grid cols_custom laptops-cols_inherit tablets-cols_inherit mobiles-cols_1 valign_top type_default stacking_default\" style=\"--custom-columns:4fr 0.5fr 1.5fr \"><div class=\"wpb_column vc_column_container\"><div class=\"vc_column-inner\"><div class=\"w-tabs style_default switch_click accordion remove_indents\" style=\"--sections-title-size:1.5rem\"><div class=\"w-tabs-sections titles-align_none icon_chevron cpos_right\"><div class=\"w-tabs-section active\" id=\"1579528912153-daf54713-3cbf\"><button class=\"w-tabs-section-header active\" aria-controls=\"content-1579528912153-daf54713-3cbf\" aria-expanded=\"true\"><div class=\"w-tabs-section-title\">Dostawa<\/div><div class=\"w-tabs-section-control\"><\/div><\/button><div  class=\"w-tabs-section-content\" id=\"content-1579528912153-daf54713-3cbf\"><div class=\"w-tabs-section-content-h i-cf\"><div class=\"g-cols wpb_row via_grid cols_custom laptops-cols_inherit tablets-cols_inherit mobiles-cols_1 valign_top type_default stacking_default\" style=\"--columns-gap:3rem;--custom-columns:1fr 5fr 3fr\"><div class=\"wpb_column vc_column_container\"><div class=\"vc_column-inner\"><div class=\"w-iconbox iconpos_left style_default color_primary align_left no_text no_title\"><div class=\"w-iconbox-icon\" style=\"font-size:4rem;\"><i class=\"far fa-dolly\"><\/i><\/div><div class=\"w-iconbox-meta\"><\/div><\/div><\/div><\/div><div class=\"wpb_column vc_column_container\"><div class=\"vc_column-inner\"><div class=\"wpb_text_column\"><div class=\"wpb_wrapper\"><h4>Mensajero<\/h4>\n<p>Una opci\u00f3n r\u00e1pida y conveniente de entrega directamente a la direcci\u00f3n indicada. El mensajero realiza la entrega en 1-2 d\u00edas h\u00e1biles, una vez que haya salido de nuestra bodega ; permiti\u00e9ndote ahorrar tiempo y disfrutar de tus compras sin salir de casa.<\/p>\n<\/div><\/div><\/div><\/div><div class=\"wpb_column vc_column_container\"><div class=\"vc_column-inner\"><div class=\"wpb_text_column\"><div class=\"wpb_wrapper\"><p><strong>Precio 25zl<\/strong><\/p>\n<\/div><\/div><\/div><\/div><\/div><div class=\"w-separator size_large\"><\/div><div class=\"g-cols wpb_row via_grid cols_custom laptops-cols_inherit tablets-cols_inherit mobiles-cols_1 valign_top type_default stacking_default\" style=\"--columns-gap:3rem;--custom-columns:1fr 5fr 3fr\"><div class=\"wpb_column vc_column_container\"><div class=\"vc_column-inner\"><div class=\"w-iconbox iconpos_left style_default color_primary align_left no_text no_title\"><div class=\"w-iconbox-icon\" style=\"font-size:4rem;\"><i class=\"far fa-hand-holding-box\"><\/i><\/div><div class=\"w-iconbox-meta\"><\/div><\/div><\/div><\/div><div class=\"wpb_column vc_column_container\"><div class=\"vc_column-inner\"><div class=\"wpb_text_column\"><div class=\"wpb_wrapper\"><h4>Paczkomat<\/h4>\n<p>Una soluci\u00f3n flexible que te permite recoger tu paquete en cualquier momento. El paquete llega a la taquilla seleccionada en 1-2 d\u00edas h\u00e1biles,tras haber sido despachado de nuestra bodega\u00a0 y puedes recogerlo las 24 horas del d\u00eda, los 7 d\u00edas de la semana, cuando te sea m\u00e1s conveniente.<\/p>\n<\/div><\/div><\/div><\/div><div class=\"wpb_column vc_column_container\"><div class=\"vc_column-inner\"><div class=\"wpb_text_column\"><div class=\"wpb_wrapper\"><p><strong>Precio 25zl\u00a0<\/strong><\/p>\n<\/div><\/div><\/div><\/div><\/div><div class=\"w-separator size_large\"><\/div><\/div><\/div><\/div><\/div><\/div><\/div><\/div><div class=\"wpb_column vc_column_container\"><div class=\"vc_column-inner\"><\/div><\/div><div class=\"wpb_column vc_column_container\"><div class=\"vc_column-inner\"><nav class=\"w-menu us_custom_343a6660 layout_ver style_links us_menu_1\" style=\"--main-gap:1.5rem;--main-ver-indent:0.8em;--main-hor-indent:0.8em;--main-active-color:inherit;\"><ul id=\"menu-information\" class=\"menu\"><li id=\"menu-item-4390\" class=\"menu-item menu-item-type-custom menu-item-object-custom menu-item-4390\"><a href=\"https:\/\/origenlatino.pl\/pl\/#faq\">FAQ<\/a><\/li><li id=\"menu-item-4773\" class=\"menu-item menu-item-type-post_type menu-item-object-page menu-item-4773\"><a href=\"https:\/\/origenlatino.pl\/pl\/reclamacion\/\">Reklamacja<\/a><\/li><li id=\"menu-item-4539\" class=\"menu-item menu-item-type-post_type menu-item-object-page menu-item-4539\"><a href=\"https:\/\/origenlatino.pl\/pl\/devoluciones\/\">Zwroty<\/a><\/li><li id=\"menu-item-4536\" class=\"menu-item menu-item-type-post_type menu-item-object-page menu-item-4536\"><a href=\"https:\/\/origenlatino.pl\/pl\/entrega\/\">Dostawa<\/a><\/li><li id=\"menu-item-4543\" class=\"menu-item menu-item-type-post_type menu-item-object-page menu-item-4543\"><a href=\"https:\/\/origenlatino.pl\/pl\/pagos\/\">P\u0142atno\u015b\u0107<\/a><\/li><\/ul><style>@media ( max-width:600px ){.us_menu_1 .menu{display:block!important}.us_menu_1 .menu>li{margin:0 0 var(--main-gap,1.5rem)!important}}<\/style><\/nav><\/div><\/div><\/div><\/div><\/section>","protected":false},"excerpt":{"rendered":"","protected":false},"author":1,"featured_media":0,"parent":0,"menu_order":0,"comment_status":"closed","ping_status":"closed","template":"","meta":{"_acf_changed":false,"footnotes":""},"class_list":["post-2050","page","type-page","status-publish","hentry"],"acf":[],"aioseo_notices":[],"_links":{"self":[{"href":"https:\/\/origenlatino.pl\/pl\/wp-json\/wp\/v2\/pages\/2050","targetHints":{"allow":["GET"]}}],"collection":[{"href":"https:\/\/origenlatino.pl\/pl\/wp-json\/wp\/v2\/pages"}],"about":[{"href":"https:\/\/origenlatino.pl\/pl\/wp-json\/wp\/v2\/types\/page"}],"author":[{"embeddable":true,"href":"https:\/\/origenlatino.pl\/pl\/wp-json\/wp\/v2\/users\/1"}],"replies":[{"embeddable":true,"href":"https:\/\/origenlatino.pl\/pl\/wp-json\/wp\/v2\/comments?post=2050"}],"version-history":[{"count":5,"href":"https:\/\/origenlatino.pl\/pl\/wp-json\/wp\/v2\/pages\/2050\/revisions"}],"predecessor-version":[{"id":10855,"href":"https:\/\/origenlatino.pl\/pl\/wp-json\/wp\/v2\/pages\/2050\/revisions\/10855"}],"wp:attachment":[{"href":"https:\/\/origenlatino.pl\/pl\/wp-json\/wp\/v2\/media?parent=2050"}],"curies":[{"name":"wp","href":"https:\/\/api.w.org\/{rel}","templated":true}]}}