{"id":4771,"date":"2025-01-03T09:23:12","date_gmt":"2025-01-03T08:23:12","guid":{"rendered":"https:\/\/origenlatino.pl\/?page_id=4771"},"modified":"2025-01-10T12:43:44","modified_gmt":"2025-01-10T11:43:44","slug":"reclamacion","status":"publish","type":"page","link":"https:\/\/origenlatino.pl\/pl\/reclamacion\/","title":{"rendered":"Reklamacja"},"content":{"rendered":"<section class=\"l-section wpb_row height_custom\"><div class=\"l-section-h i-cf\"><div class=\"g-cols vc_row via_grid cols_custom laptops-cols_inherit tablets-cols_inherit mobiles-cols_1 valign_top type_default stacking_default\" style=\"--custom-columns:4fr 0.5fr 1.5fr \"><div class=\"wpb_column vc_column_container\"><div class=\"vc_column-inner\"><div class=\"wpb_text_column\"><div class=\"wpb_wrapper\"><p>Aby z\u0142o\u017cy\u0107 reklamacj\u0119, prosimy o wype\u0142nienie formularza kontaktowego, a po jego wype\u0142nieniu pobranie formularza, uzupe\u0142nienie go i do\u0142\u0105czenie do paczki.<br \/>Prosz\u0119 wys\u0142a\u0107 paczki zwrotne na nast\u0119puj\u0105cy adres:<\/p>\n<p><strong>Origen Latino sp. z o.o.<\/strong><br \/><strong>ul. Bukowa 11<\/strong><br \/><strong>26-021 Bork\u00f3w<\/strong><\/p>\n<p>Wszystkie niezb\u0119dne informacje znajduj\u0105 si\u0119 w szczeg\u00f3\u0142ach zam\u00f3wienia.<\/p>\n<p><a href=\"https:\/\/origenlatino.pl\/pl\/reglamento\/\"><strong>Regulamin<\/strong><\/a><br \/><a href=\"https:\/\/origenlatino.pl\/pl\/politica-de-privacidad\/\"><strong>Polityka Prywatno\u015bci<\/strong><\/a><\/p>\n<\/div><\/div><div class=\"w-separator size_medium\"><\/div><h3 class=\"w-text\"><span class=\"w-text-h\"><span class=\"w-text-value\">Formularz Kontaktowy<\/span><\/span><\/h3><div class=\"w-separator size_medium\"><\/div><form class=\"w-form  us-field-style_1 layout_ver show_message_after_sending for_cform us_form_1\" action=\"https:\/\/origenlatino.pl\/pl\/\" method=\"post\" data-trp-original-action=\"https:\/\/origenlatino.pl\/pl\"><div class=\"w-form-h\"><div class=\"w-form-row for_text has_label required\">\r\n\t\t\t<div class=\"w-form-row-label\">\r\n\t\t\t<span>Imi\u0119 i Naziwsko*<\/span>\r\n\t\t<\/div>\r\n\t\t<div class=\"w-form-row-field\">\r\n\t\t\t\t\t\t<input aria-label=\"Nombre y apellido\" type=\"text\" name=\"us_form_1_text_1\" value placeholder data-required=\"true\" aria-required=\"true\"\/>\r\n\t\t\t<\/div>\r\n\t\t<div class=\"w-form-row-state\">Wype\u0142nij to pole<\/div>\r\n<\/div>\r\n<div class=\"w-form-row for_email has_label required\">\r\n\t\t\t<div class=\"w-form-row-label\">\r\n\t\t\t<span>E-mail*<\/span>\r\n\t\t<\/div>\r\n\t\t<div class=\"w-form-row-field\">\r\n\t\t\t\t\t\t<input aria-label=\"Correo electr\u00f3nico\" type=\"email\" name=\"us_form_1_email_1\" value placeholder data-required=\"true\" aria-required=\"true\"\/>\r\n\t\t\t<\/div>\r\n\t\t<div class=\"w-form-row-state\">Prosz\u0119 wpisa\u0107 prawid\u0142owy adres e-mail.<\/div>\r\n<\/div>\r\n<div class=\"w-form-row for_text has_label required\">\r\n\t\t\t<div class=\"w-form-row-label\">\r\n\t\t\t<span>Numer Zam\u00f3wienia*<\/span>\r\n\t\t<\/div>\r\n\t\t<div class=\"w-form-row-field\">\r\n\t\t\t\t\t\t<input aria-label=\"N\u00famero de pedido\" type=\"text\" name=\"us_form_1_text_2\" value placeholder data-required=\"true\" aria-required=\"true\"\/>\r\n\t\t\t<\/div>\r\n\t\t<div class=\"w-form-row-state\">Wype\u0142nij to pole<\/div>\r\n<\/div>\r\n<div class=\"w-form-row for_date has_label required\">\r\n\t\t\t<div class=\"w-form-row-label\">\r\n\t\t\t<span>Data Zakupu*<\/span>\r\n\t\t<\/div>\r\n\t\t<div class=\"w-form-row-field\">\r\n\t\t\t\t\t\t<input type=\"text\" name=\"us_form_1_date_1\" value inputmode=\"none\" data-date-format=\"d MM yy\" aria-label=\"Fecha de compra\" placeholder data-required=\"true\" aria-required=\"true\"\/>\r\n\t\t\t<\/div>\r\n\t\t<div class=\"w-form-row-state\">Wype\u0142nij to pole<\/div>\r\n<\/div>\r\n<div class=\"w-form-row for_select has_label\">\r\n\t\t\t<div class=\"w-form-row-label\">\r\n\t\t\t<span>Oczekuj\u0119:<\/span>\r\n\t\t<\/div>\r\n\t\t<div class=\"w-form-row-field\">\r\n\t\t\t\t\t\t<select aria-label=\"Oczekuj\u0119:\" name=\"us_form_1_select_1\">\r\n\t\t\t<option value=\"Cambio del producto por uno nuevo\">Wymiany towaru na nowy<\/option><option value=\"Reparaci\u00f3n gratuita del producto\">Nieodp\u0142atn\u0105 napraw\u0119 towaru<\/option><option value=\"Reducci\u00f3n del precio del producto\">Obni\u017cenia ceny towaru<\/option><option value=\"Desistimiento del contrato\">Odst\u0105pienia od umowy<\/option>\t\t<\/select>\r\n\t\t\t<\/div>\r\n\t\t<div class=\"w-form-row-state\">Wybierz opcj\u0119<\/div>\r\n<\/div>\r\n<div class=\"w-form-row for_textarea has_label required\">\r\n\t\t\t<div class=\"w-form-row-label\">\r\n\t\t\t<span>Szczeg\u00f3\u0142y*<\/span>\r\n\t\t<\/div>\r\n\t\t<div class=\"w-form-row-field\">\r\n\t\t\t\t\t\t<textarea aria-label=\"Detalles\" name=\"us_form_1_textarea_1\" placeholder data-required=\"true\" aria-required=\"true\"><\/textarea>\r\n\t\t\t<\/div>\r\n\t\t<div class=\"w-form-row-state\">Wype\u0142nij to pole<\/div>\r\n<\/div>\r\n<div class=\"w-form-row for_agreement required\">\r\n\t\t<div class=\"w-form-row-field\">\r\n\t\t\t\t<label>\r\n\t\t\t<input type=\"checkbox\" value=\"1\" data-required=\"true\" aria-required=\"true\" name=\"us_form_1_agreement_1\"\/>\r\n\t\t\t<span><\/span>\r\n\t\t<\/label>\r\n\t\t\t<\/div>\r\n\t\t\t<div class=\"w-form-row-description\">\r\n\t\t\tO\u015bwiadczam, \u017ce przeczyta\u0142em i zrozumia\u0142em Polityk\u0119 Prywatno\u015bci dotycz\u0105c\u0105 przetwarzania moich danych osobowych.\t\t<\/div>\r\n\t\t<div class=\"w-form-row-state\">Aby kontynuowa\u0107, musisz zaakceptowa\u0107 warunki<\/div>\r\n<\/div>\r\n<div class=\"w-form-row for_agreement required\">\r\n\t\t<div class=\"w-form-row-field\">\r\n\t\t\t\t<label>\r\n\t\t\t<input type=\"checkbox\" value=\"1\" data-required=\"true\" aria-required=\"true\" name=\"us_form_1_agreement_2\"\/>\r\n\t\t\t<span><\/span>\r\n\t\t<\/label>\r\n\t\t\t<\/div>\r\n\t\t\t<div class=\"w-form-row-description\">\r\n\t\t\tWyra\u017cam zgod\u0119 na przetwarzanie moich danych osobowych zawartych w formularzu kontaktowym przez Origen Latino sp. z o.o., w celu udzielenia mi informacji przez konsultanta.\t\t<\/div>\r\n\t\t<div class=\"w-form-row-state\">Aby kontynuowa\u0107, musisz zaakceptowa\u0107 warunki<\/div>\r\n<\/div>\r\n<input type=\"hidden\" name=\"action\" value=\"us_ajax_cform\" \/>\r\n<input type=\"hidden\" name=\"post_id\" value=\"0\" \/>\r\n<input type=\"hidden\" name=\"form_index\" value=\"1\" \/>\r\n<div class=\"w-form-row for_submit align_none\">\r\n\t<button class=\"w-btn  us-btn-style_7\" aria-label=\"Wy\u015blij\" type=\"submit\">\r\n\t\t<span class=\"g-preloader type_1\"><\/span>\r\n\t\t\t\t<span class=\"w-btn-label\">Wy\u015blij<\/span>\r\n\t\t\t<\/button>\r\n\t<\/div>\r\n<\/div><div class=\"w-form-message\"><\/div><div class=\"w-form-json hidden\" onclick='return {&quot;ajaxurl&quot;:&quot;https:\\\/\\\/origenlatino.pl\\\/wp-admin\\\/admin-ajax.php&quot;,&quot;messages&quot;:{&quot;err_empty&quot;:&quot;Wype\\u0142nij to pole&quot;,&quot;err_size&quot;:&quot;Rozmiar pliku nie mo\\u017ce przekracza\\u0107 %s MB&quot;,&quot;err_extension&quot;:&quot;Typ pliku %s jest niedozwolony&quot;,&quot;err_recaptcha_keys&quot;:&quot;Klucze reCAPTCHA s\\u0105 nieprawid\\u0142owe&quot;}}'><\/div><input type=\"hidden\" name=\"trp-form-language\" value=\"pl\"\/><\/form><div class=\"w-separator size_medium\"><\/div><\/div><\/div><div class=\"wpb_column vc_column_container\"><div class=\"vc_column-inner\"><\/div><\/div><div class=\"wpb_column vc_column_container type_sticky\"><div class=\"vc_column-inner\"><div class=\"w-iconbox iconpos_top style_circle color_primary align_center no_text\"><a href=\"https:\/\/origenlatino.pl\/wp-content\/uploads\/2025\/01\/Formularz-reklamacyjny.pdf\" class=\"w-iconbox-link\" aria-label=\"Formularz reklamacyjny\"><div class=\"w-iconbox-icon\" style=\"font-size:3rem;\"><i class=\"fas fa-file-check\"><\/i><\/div><\/a><div class=\"w-iconbox-meta\"><h2 class=\"w-iconbox-title\"><a href=\"https:\/\/origenlatino.pl\/wp-content\/uploads\/2025\/01\/Formularz-reklamacyjny.pdf\" class=\"w-iconbox-link\" aria-label=\"Formularz reklamacyjny\">Formularz reklamacyjny<\/a><\/h2><\/div><\/div><\/div><\/div><\/div><\/div><\/section>","protected":false},"excerpt":{"rendered":"","protected":false},"author":1,"featured_media":0,"parent":0,"menu_order":0,"comment_status":"closed","ping_status":"closed","template":"","meta":{"_acf_changed":false,"footnotes":""},"class_list":["post-4771","page","type-page","status-publish","hentry"],"acf":[],"aioseo_notices":[],"_links":{"self":[{"href":"https:\/\/origenlatino.pl\/pl\/wp-json\/wp\/v2\/pages\/4771","targetHints":{"allow":["GET"]}}],"collection":[{"href":"https:\/\/origenlatino.pl\/pl\/wp-json\/wp\/v2\/pages"}],"about":[{"href":"https:\/\/origenlatino.pl\/pl\/wp-json\/wp\/v2\/types\/page"}],"author":[{"embeddable":true,"href":"https:\/\/origenlatino.pl\/pl\/wp-json\/wp\/v2\/users\/1"}],"replies":[{"embeddable":true,"href":"https:\/\/origenlatino.pl\/pl\/wp-json\/wp\/v2\/comments?post=4771"}],"version-history":[{"count":14,"href":"https:\/\/origenlatino.pl\/pl\/wp-json\/wp\/v2\/pages\/4771\/revisions"}],"predecessor-version":[{"id":4864,"href":"https:\/\/origenlatino.pl\/pl\/wp-json\/wp\/v2\/pages\/4771\/revisions\/4864"}],"wp:attachment":[{"href":"https:\/\/origenlatino.pl\/pl\/wp-json\/wp\/v2\/media?parent=4771"}],"curies":[{"name":"wp","href":"https:\/\/api.w.org\/{rel}","templated":true}]}}