{"id":11605,"date":"2025-12-23T13:36:59","date_gmt":"2025-12-23T12:36:59","guid":{"rendered":"https:\/\/origenlatino.pl\/?post_type=product&#038;p=11605"},"modified":"2026-04-14T19:30:12","modified_gmt":"2026-04-14T17:30:12","slug":"tostones-platano-verde-500-g-coexito","status":"publish","type":"product","link":"https:\/\/origenlatino.pl\/pl\/produkt\/tostones-platano-verde-500-g-coexito\/","title":{"rendered":"Tostones pl\u00e1tano verde 500 g COEXITO"},"content":{"rendered":"<p>Rodajas de pl\u00e1tano verde fritas y congeladas, crujientes por fuera y suaves por dentro, listas para terminar en la sart\u00e9n o freidora. Son un cl\u00e1sico acompa\u00f1amiento caribe\u00f1o y perfecto sustituto de las papas fritas.<br \/>\u200b<br \/>Tostones\/patacones t\u00edpicos de la cocina caribe\u00f1a y latinoamericana.<br \/>\u200b<br \/>Producto precocido y congelado, solo necesitas dorarlos y sazonar al gusto.<br \/>\u200b<br \/>Ideales como guarnici\u00f3n, para picadas o para servir con salsas y guacamole.<br \/><a href=\"https:\/\/nostalgia-latina.com\/product\/tostones-de-platano-verde-coexito\/\" target=\"_blank\" rel=\"noreferrer noopener\"><\/a>\u200b<br \/>\u200b<\/p>","protected":false},"excerpt":{"rendered":"<p>Tostones pl\u00e1tano verde 500 g COEXITO<\/p>","protected":false},"featured_media":11606,"comment_status":"open","ping_status":"closed","template":"","meta":{"_acf_changed":false},"product_brand":[321],"product_cat":[97],"product_tag":[95],"class_list":{"0":"post-11605","1":"product","2":"type-product","3":"status-publish","4":"has-post-thumbnail","6":"product_brand-coexito","7":"product_cat-congelados-y-refrigerados","8":"product_tag-colombia","9":"product_shipping_class-perecederos","11":"first","12":"instock","13":"taxable","14":"shipping-taxable","15":"purchasable","16":"product-type-simple"},"acf":[],"aioseo_notices":[],"_links":{"self":[{"href":"https:\/\/origenlatino.pl\/pl\/wp-json\/wp\/v2\/product\/11605","targetHints":{"allow":["GET"]}}],"collection":[{"href":"https:\/\/origenlatino.pl\/pl\/wp-json\/wp\/v2\/product"}],"about":[{"href":"https:\/\/origenlatino.pl\/pl\/wp-json\/wp\/v2\/types\/product"}],"replies":[{"embeddable":true,"href":"https:\/\/origenlatino.pl\/pl\/wp-json\/wp\/v2\/comments?post=11605"}],"wp:featuredmedia":[{"embeddable":true,"href":"https:\/\/origenlatino.pl\/pl\/wp-json\/wp\/v2\/media\/11606"}],"wp:attachment":[{"href":"https:\/\/origenlatino.pl\/pl\/wp-json\/wp\/v2\/media?parent=11605"}],"wp:term":[{"taxonomy":"product_brand","embeddable":true,"href":"https:\/\/origenlatino.pl\/pl\/wp-json\/wp\/v2\/product_brand?post=11605"},{"taxonomy":"product_cat","embeddable":true,"href":"https:\/\/origenlatino.pl\/pl\/wp-json\/wp\/v2\/product_cat?post=11605"},{"taxonomy":"product_tag","embeddable":true,"href":"https:\/\/origenlatino.pl\/pl\/wp-json\/wp\/v2\/product_tag?post=11605"}],"curies":[{"name":"wp","href":"https:\/\/api.w.org\/{rel}","templated":true}]}}