{"id":12249,"date":"2026-01-19T19:38:06","date_gmt":"2026-01-19T18:38:06","guid":{"rendered":"https:\/\/origenlatino.pl\/?post_type=product&#038;p=12249"},"modified":"2026-04-08T20:31:54","modified_gmt":"2026-04-08T18:31:54","slug":"chile-pasilla-tajin","status":"publish","type":"product","link":"https:\/\/origenlatino.pl\/pl\/produkt\/chile-pasilla-tajin\/","title":{"rendered":"Chile Pasilla TAJ\u00cdN\u00ae"},"content":{"rendered":"<p>Chile Pasilla TAJ\u00cdN\u00ae, de color morado oscuro, tambi\u00e9n conocido como chile negro o chile mexicano. Su textura, aroma y regusto son caracter\u00edsticas de la frescura y calidad de TAJ\u00cdN\u00ae. Es el ingrediente principal para moles y marinadas. Descubra la calidad de TAJ\u00cdN\u00ae con sus chiles 100 % mexicanos. \u00a1M\u00e1s sabor, m\u00e1s color, mayor rendimiento!<\/p>","protected":false},"excerpt":{"rendered":"<p>Chile Pasilla TAJ\u00cdN\u00ae, de color morado oscuro, tambi\u00e9n conocido como chile negro o chile mexicano. Su textura, aroma y regusto son caracter\u00edsticas de la frescura y calidad de TAJ\u00cdN\u00ae. Es el ingrediente principal para moles y marinadas. Descubra la calidad de TAJ\u00cdN\u00ae con sus chiles 100 % mexicanos. \u00a1M\u00e1s sabor, m\u00e1s color, mayor rendimiento!<\/p>","protected":false},"featured_media":12250,"comment_status":"open","ping_status":"closed","template":"","meta":{"_acf_changed":false},"product_brand":[377],"product_cat":[96,100],"product_tag":[90,92,93],"class_list":{"0":"post-12249","1":"product","2":"type-product","3":"status-publish","4":"has-post-thumbnail","6":"product_brand-tajin","7":"product_cat-especias","8":"product_cat-frutas-y-verduras","9":"product_tag-bolivia","10":"product_tag-mexico","11":"product_tag-peru","13":"first","14":"outofstock","15":"taxable","16":"shipping-taxable","17":"purchasable","18":"product-type-simple"},"acf":[],"aioseo_notices":[],"_links":{"self":[{"href":"https:\/\/origenlatino.pl\/pl\/wp-json\/wp\/v2\/product\/12249","targetHints":{"allow":["GET"]}}],"collection":[{"href":"https:\/\/origenlatino.pl\/pl\/wp-json\/wp\/v2\/product"}],"about":[{"href":"https:\/\/origenlatino.pl\/pl\/wp-json\/wp\/v2\/types\/product"}],"replies":[{"embeddable":true,"href":"https:\/\/origenlatino.pl\/pl\/wp-json\/wp\/v2\/comments?post=12249"}],"wp:featuredmedia":[{"embeddable":true,"href":"https:\/\/origenlatino.pl\/pl\/wp-json\/wp\/v2\/media\/12250"}],"wp:attachment":[{"href":"https:\/\/origenlatino.pl\/pl\/wp-json\/wp\/v2\/media?parent=12249"}],"wp:term":[{"taxonomy":"product_brand","embeddable":true,"href":"https:\/\/origenlatino.pl\/pl\/wp-json\/wp\/v2\/product_brand?post=12249"},{"taxonomy":"product_cat","embeddable":true,"href":"https:\/\/origenlatino.pl\/pl\/wp-json\/wp\/v2\/product_cat?post=12249"},{"taxonomy":"product_tag","embeddable":true,"href":"https:\/\/origenlatino.pl\/pl\/wp-json\/wp\/v2\/product_tag?post=12249"}],"curies":[{"name":"wp","href":"https:\/\/api.w.org\/{rel}","templated":true}]}}