{"id":13268,"date":"2026-03-03T11:39:25","date_gmt":"2026-03-03T10:39:25","guid":{"rendered":"https:\/\/origenlatino.pl\/?post_type=product&#038;p=13268"},"modified":"2026-04-14T11:30:44","modified_gmt":"2026-04-14T09:30:44","slug":"maaza-jugo-de-maracuya-1l","status":"publish","type":"product","link":"https:\/\/origenlatino.pl\/pl\/produkt\/maaza-jugo-de-maracuya-1l\/","title":{"rendered":"JUGO DE MARACUY\u00c1  1L MAAZA"},"content":{"rendered":"<p>Maaza Jugo de Maracuy\u00e1 1 L es una bebida de fruta ex\u00f3tica elaborada con jugo o pur\u00e9 de maracuy\u00e1 (maracuy\u00e1), agua y az\u00facar, de sabor agridulce intenso y aroma tropical muy marcado. El maracuy\u00e1 aporta notas frescas y ligeramente \u00e1cidas, ideales para quienes buscan un jugo refrescante y diferente.<\/p>\n<p><\/p>","protected":false},"excerpt":{"rendered":"<p>Jugo de maracuy\u00e1 Maaza 1 L, de sabor agridulce y muy arom\u00e1tico, perfecto como refresco ex\u00f3tico o para mezclar en cocteles y bebidas tropicales.<\/p>","protected":false},"featured_media":13269,"comment_status":"open","ping_status":"closed","template":"","meta":{"_acf_changed":false},"product_brand":[],"product_cat":[15],"product_tag":[95],"class_list":{"0":"post-13268","1":"product","2":"type-product","3":"status-publish","4":"has-post-thumbnail","6":"product_cat-bebidas","7":"product_tag-colombia","9":"first","10":"instock","11":"taxable","12":"shipping-taxable","13":"purchasable","14":"product-type-simple"},"acf":[],"aioseo_notices":[],"_links":{"self":[{"href":"https:\/\/origenlatino.pl\/pl\/wp-json\/wp\/v2\/product\/13268","targetHints":{"allow":["GET"]}}],"collection":[{"href":"https:\/\/origenlatino.pl\/pl\/wp-json\/wp\/v2\/product"}],"about":[{"href":"https:\/\/origenlatino.pl\/pl\/wp-json\/wp\/v2\/types\/product"}],"replies":[{"embeddable":true,"href":"https:\/\/origenlatino.pl\/pl\/wp-json\/wp\/v2\/comments?post=13268"}],"wp:featuredmedia":[{"embeddable":true,"href":"https:\/\/origenlatino.pl\/pl\/wp-json\/wp\/v2\/media\/13269"}],"wp:attachment":[{"href":"https:\/\/origenlatino.pl\/pl\/wp-json\/wp\/v2\/media?parent=13268"}],"wp:term":[{"taxonomy":"product_brand","embeddable":true,"href":"https:\/\/origenlatino.pl\/pl\/wp-json\/wp\/v2\/product_brand?post=13268"},{"taxonomy":"product_cat","embeddable":true,"href":"https:\/\/origenlatino.pl\/pl\/wp-json\/wp\/v2\/product_cat?post=13268"},{"taxonomy":"product_tag","embeddable":true,"href":"https:\/\/origenlatino.pl\/pl\/wp-json\/wp\/v2\/product_tag?post=13268"}],"curies":[{"name":"wp","href":"https:\/\/api.w.org\/{rel}","templated":true}]}}