{"id":14287,"date":"2026-03-24T21:07:31","date_gmt":"2026-03-24T20:07:31","guid":{"rendered":"https:\/\/origenlatino.pl\/?post_type=product&#038;p=14287"},"modified":"2026-04-03T21:30:06","modified_gmt":"2026-04-03T19:30:06","slug":"mango-kilo","status":"publish","type":"product","link":"https:\/\/origenlatino.pl\/pl\/produkt\/mango-kilo\/","title":{"rendered":"MANGO KILO"},"content":{"rendered":"<p>Mango fresco por kilo, fruta tropical de pulpa amarillo\u2011naranja, muy jugosa, dulce y arom\u00e1tica, con notas florales y c\u00edtricas seg\u00fan la variedad. Ideal para consumir en fresco, jugos, batidos, postres, salsas y preparaciones ensaladas como ceviches o ensaladas tropicales. Fruta rica en vitamina C, vitamina A y folatos, perfecta para una dieta diaria equilibrada.<\/p>","protected":false},"excerpt":{"rendered":"<p>Mango fresco por kilo, fruta tropical de pulpa amarillo\u2011naranja, muy jugosa, dulce y arom\u00e1tica, con notas florales y c\u00edtricas seg\u00fan la variedad. Ideal para consumir en fresco, jugos, batidos, postres, salsas y preparaciones ensaladas como ceviches o ensaladas tropicales. Fruta rica en vitamina C, vitamina A y folatos, perfecta para una dieta diaria equilibrada.<\/p>","protected":false},"featured_media":14292,"comment_status":"open","ping_status":"closed","template":"","meta":{"_acf_changed":false},"product_brand":[422],"product_cat":[100],"product_tag":[],"class_list":{"0":"post-14287","1":"product","2":"type-product","3":"status-publish","4":"has-post-thumbnail","6":"product_brand-origen-latino","7":"product_cat-frutas-y-verduras","9":"first","10":"outofstock","11":"featured","12":"taxable","13":"shipping-taxable","14":"purchasable","15":"product-type-variable","16":"has-default-attributes"},"acf":[],"aioseo_notices":[],"_links":{"self":[{"href":"https:\/\/origenlatino.pl\/pl\/wp-json\/wp\/v2\/product\/14287","targetHints":{"allow":["GET"]}}],"collection":[{"href":"https:\/\/origenlatino.pl\/pl\/wp-json\/wp\/v2\/product"}],"about":[{"href":"https:\/\/origenlatino.pl\/pl\/wp-json\/wp\/v2\/types\/product"}],"replies":[{"embeddable":true,"href":"https:\/\/origenlatino.pl\/pl\/wp-json\/wp\/v2\/comments?post=14287"}],"wp:featuredmedia":[{"embeddable":true,"href":"https:\/\/origenlatino.pl\/pl\/wp-json\/wp\/v2\/media\/14292"}],"wp:attachment":[{"href":"https:\/\/origenlatino.pl\/pl\/wp-json\/wp\/v2\/media?parent=14287"}],"wp:term":[{"taxonomy":"product_brand","embeddable":true,"href":"https:\/\/origenlatino.pl\/pl\/wp-json\/wp\/v2\/product_brand?post=14287"},{"taxonomy":"product_cat","embeddable":true,"href":"https:\/\/origenlatino.pl\/pl\/wp-json\/wp\/v2\/product_cat?post=14287"},{"taxonomy":"product_tag","embeddable":true,"href":"https:\/\/origenlatino.pl\/pl\/wp-json\/wp\/v2\/product_tag?post=14287"}],"curies":[{"name":"wp","href":"https:\/\/api.w.org\/{rel}","templated":true}]}}