{"id":14296,"date":"2026-03-24T21:10:39","date_gmt":"2026-03-24T20:10:39","guid":{"rendered":"https:\/\/origenlatino.pl\/?post_type=product&#038;p=14296"},"modified":"2026-04-17T20:07:43","modified_gmt":"2026-04-17T18:07:43","slug":"papaya-kilo","status":"publish","type":"product","link":"https:\/\/origenlatino.pl\/pl\/produkt\/papaya-kilo\/","title":{"rendered":"PAPAYA KILO"},"content":{"rendered":"<p>Papaya fresca por kilo, fruta tropical de forma alargada, piel amarillo\u2011verdosa y pulpa naranja intensa, muy jugosa y cremosa. Su sabor es suave y ligeramente dulce, con un toque almizclado que recuerda al mel\u00f3n maduro. Ideal para desayunos, ensaladas de frutas, batidos, postres ligeros y tambi\u00e9n para recetas ensaladas ex\u00f3ticas.<\/p>","protected":false},"excerpt":{"rendered":"<p>Papaya fresca por kilo, fruta tropical de forma alargada, piel amarillo\u2011verdosa y pulpa naranja intensa, muy jugosa y cremosa. Su sabor es suave y ligeramente dulce, con un toque almizclado que recuerda al mel\u00f3n maduro. Ideal para desayunos, ensaladas de frutas, batidos, postres ligeros y tambi\u00e9n para recetas ensaladas ex\u00f3ticas.<\/p>","protected":false},"featured_media":14301,"comment_status":"open","ping_status":"closed","template":"","meta":{"_acf_changed":false},"product_brand":[422],"product_cat":[100],"product_tag":[],"class_list":{"0":"post-14296","1":"product","2":"type-product","3":"status-publish","4":"has-post-thumbnail","6":"product_brand-origen-latino","7":"product_cat-frutas-y-verduras","9":"first","10":"instock","11":"featured","12":"taxable","13":"shipping-taxable","14":"purchasable","15":"product-type-simple"},"acf":[],"aioseo_notices":[],"_links":{"self":[{"href":"https:\/\/origenlatino.pl\/pl\/wp-json\/wp\/v2\/product\/14296","targetHints":{"allow":["GET"]}}],"collection":[{"href":"https:\/\/origenlatino.pl\/pl\/wp-json\/wp\/v2\/product"}],"about":[{"href":"https:\/\/origenlatino.pl\/pl\/wp-json\/wp\/v2\/types\/product"}],"replies":[{"embeddable":true,"href":"https:\/\/origenlatino.pl\/pl\/wp-json\/wp\/v2\/comments?post=14296"}],"wp:featuredmedia":[{"embeddable":true,"href":"https:\/\/origenlatino.pl\/pl\/wp-json\/wp\/v2\/media\/14301"}],"wp:attachment":[{"href":"https:\/\/origenlatino.pl\/pl\/wp-json\/wp\/v2\/media?parent=14296"}],"wp:term":[{"taxonomy":"product_brand","embeddable":true,"href":"https:\/\/origenlatino.pl\/pl\/wp-json\/wp\/v2\/product_brand?post=14296"},{"taxonomy":"product_cat","embeddable":true,"href":"https:\/\/origenlatino.pl\/pl\/wp-json\/wp\/v2\/product_cat?post=14296"},{"taxonomy":"product_tag","embeddable":true,"href":"https:\/\/origenlatino.pl\/pl\/wp-json\/wp\/v2\/product_tag?post=14296"}],"curies":[{"name":"wp","href":"https:\/\/api.w.org\/{rel}","templated":true}]}}