{"id":14472,"date":"2026-04-02T20:05:10","date_gmt":"2026-04-02T18:05:10","guid":{"rendered":"https:\/\/origenlatino.pl\/?post_type=product&#038;p=14472"},"modified":"2026-04-08T20:17:49","modified_gmt":"2026-04-08T18:17:49","slug":"bon-bon-bum-fresa-bolsa-10-unidades","status":"publish","type":"product","link":"https:\/\/origenlatino.pl\/pl\/produkt\/bon-bon-bum-fresa-bolsa-10-unidades\/","title":{"rendered":"Bon Bon Bum Fresa Bolsa 10 unidades"},"content":{"rendered":"<section class=\"l-section wpb_row height_custom\"><div class=\"l-section-h i-cf\"><div class=\"g-cols vc_row via_grid cols_1 laptops-cols_inherit tablets-cols_inherit mobiles-cols_1 valign_top type_default stacking_default\"><div class=\"wpb_column vc_column_container\"><div class=\"vc_column-inner\"><div class=\"wpb_text_column\"><div class=\"wpb_wrapper\"><p><strong>Bon Bon Bum Fresa Bolsa 10 unidades<\/strong> es un paquete de paletas (chupetas) con chicle en el centro, elaboradas por la reconocida marca <strong>Colombina<\/strong>. Se distinguen por combinar el dulce sabor de la fresa con la diversi\u00f3n de encontrar un chicle al final. A continuaci\u00f3n, sus principales caracter\u00edsticas:<\/p>\n<p>\u00a0<\/p>\n<ol class=\"wp-block-list\">\n<li><strong>Sabor a Fresa<\/strong>\n<ul class=\"wp-block-list\">\n<li>Cada paleta ofrece un sabor frutal y tropical, evocando el gusto fresco a fresa.<\/li>\n<li>El dulzor balanceado potencia la experiencia, sin resultar empalagoso.<\/li>\n<\/ul>\n<\/li>\n<li><strong>Chicle en el centro<\/strong>\n<ul class=\"wp-block-list\">\n<li>Una vez se termina la parte s\u00f3lida, se descubre el chicle, a\u00f1adiendo un elemento sorpresa y prolongando la diversi\u00f3n.<\/li>\n<li>El chicle conserva el sabor a fresa por un tiempo adicional, brindando una experiencia m\u00e1s completa.<\/li>\n<\/ul>\n<\/li>\n<\/ol>\n<p>\u00a0<\/p>\n<\/div><\/div><\/div><\/div><\/div><\/div><\/section>","protected":false},"excerpt":{"rendered":"<p>Bon Bon Bum Fresa Bolsa 10 unidades<\/p>","protected":false},"featured_media":14473,"comment_status":"open","ping_status":"closed","template":"","meta":{"_acf_changed":false},"product_brand":[],"product_cat":[104,99],"product_tag":[95],"class_list":{"0":"post-14472","1":"product","2":"type-product","3":"status-publish","4":"has-post-thumbnail","6":"product_cat-aperitivos","7":"product_cat-dulces","8":"product_tag-colombia","10":"first","11":"instock","12":"taxable","13":"shipping-taxable","14":"purchasable","15":"product-type-simple"},"acf":[],"aioseo_notices":[],"_links":{"self":[{"href":"https:\/\/origenlatino.pl\/pl\/wp-json\/wp\/v2\/product\/14472","targetHints":{"allow":["GET"]}}],"collection":[{"href":"https:\/\/origenlatino.pl\/pl\/wp-json\/wp\/v2\/product"}],"about":[{"href":"https:\/\/origenlatino.pl\/pl\/wp-json\/wp\/v2\/types\/product"}],"replies":[{"embeddable":true,"href":"https:\/\/origenlatino.pl\/pl\/wp-json\/wp\/v2\/comments?post=14472"}],"wp:featuredmedia":[{"embeddable":true,"href":"https:\/\/origenlatino.pl\/pl\/wp-json\/wp\/v2\/media\/14473"}],"wp:attachment":[{"href":"https:\/\/origenlatino.pl\/pl\/wp-json\/wp\/v2\/media?parent=14472"}],"wp:term":[{"taxonomy":"product_brand","embeddable":true,"href":"https:\/\/origenlatino.pl\/pl\/wp-json\/wp\/v2\/product_brand?post=14472"},{"taxonomy":"product_cat","embeddable":true,"href":"https:\/\/origenlatino.pl\/pl\/wp-json\/wp\/v2\/product_cat?post=14472"},{"taxonomy":"product_tag","embeddable":true,"href":"https:\/\/origenlatino.pl\/pl\/wp-json\/wp\/v2\/product_tag?post=14472"}],"curies":[{"name":"wp","href":"https:\/\/api.w.org\/{rel}","templated":true}]}}