{"id":14520,"date":"2026-04-03T16:13:41","date_gmt":"2026-04-03T14:13:41","guid":{"rendered":"https:\/\/origenlatino.pl\/?post_type=product&#038;p=14520"},"modified":"2026-04-16T18:05:06","modified_gmt":"2026-04-16T16:05:06","slug":"chorizo-ahumado-400g","status":"publish","type":"product","link":"https:\/\/origenlatino.pl\/pl\/produkt\/chorizo-ahumado-400g\/","title":{"rendered":"Chorizo Ahumado (400g)"},"content":{"rendered":"<p>Este chorizo destaca por su caracter\u00edstico sabor ahumado que intensifica cualquier preparaci\u00f3n. Perfecto para parrilla, guisos o acompa\u00f1ar con arepas.<\/p>","protected":false},"excerpt":{"rendered":"<p>Chorizo con toque ahumado, sabor profundo y delicioso.<\/p>","protected":false},"featured_media":14521,"comment_status":"open","ping_status":"closed","template":"","meta":{"_acf_changed":false},"product_brand":[422],"product_cat":[97],"product_tag":[],"class_list":{"0":"post-14520","1":"product","2":"type-product","3":"status-publish","4":"has-post-thumbnail","6":"product_brand-origen-latino","7":"product_cat-congelados-y-refrigerados","9":"first","10":"instock","11":"taxable","12":"shipping-taxable","13":"purchasable","14":"product-type-simple"},"acf":[],"aioseo_notices":[],"_links":{"self":[{"href":"https:\/\/origenlatino.pl\/pl\/wp-json\/wp\/v2\/product\/14520","targetHints":{"allow":["GET"]}}],"collection":[{"href":"https:\/\/origenlatino.pl\/pl\/wp-json\/wp\/v2\/product"}],"about":[{"href":"https:\/\/origenlatino.pl\/pl\/wp-json\/wp\/v2\/types\/product"}],"replies":[{"embeddable":true,"href":"https:\/\/origenlatino.pl\/pl\/wp-json\/wp\/v2\/comments?post=14520"}],"wp:featuredmedia":[{"embeddable":true,"href":"https:\/\/origenlatino.pl\/pl\/wp-json\/wp\/v2\/media\/14521"}],"wp:attachment":[{"href":"https:\/\/origenlatino.pl\/pl\/wp-json\/wp\/v2\/media?parent=14520"}],"wp:term":[{"taxonomy":"product_brand","embeddable":true,"href":"https:\/\/origenlatino.pl\/pl\/wp-json\/wp\/v2\/product_brand?post=14520"},{"taxonomy":"product_cat","embeddable":true,"href":"https:\/\/origenlatino.pl\/pl\/wp-json\/wp\/v2\/product_cat?post=14520"},{"taxonomy":"product_tag","embeddable":true,"href":"https:\/\/origenlatino.pl\/pl\/wp-json\/wp\/v2\/product_tag?post=14520"}],"curies":[{"name":"wp","href":"https:\/\/api.w.org\/{rel}","templated":true}]}}