{"id":14523,"date":"2026-04-03T16:21:35","date_gmt":"2026-04-03T14:21:35","guid":{"rendered":"https:\/\/origenlatino.pl\/?post_type=product&#038;p=14523"},"modified":"2026-04-16T19:19:38","modified_gmt":"2026-04-16T17:19:38","slug":"morcilla-con-arroz-400g","status":"publish","type":"product","link":"https:\/\/origenlatino.pl\/pl\/produkt\/morcilla-con-arroz-400g\/","title":{"rendered":"Morcilla con Arroz (400g)"},"content":{"rendered":"<p>La morcilla con arroz es un producto cl\u00e1sico de la cocina latina. Su textura suave y sabor especiado la hacen ideal para acompa\u00f1ar parrillas o platos t\u00edpicos.<\/p>","protected":false},"excerpt":{"rendered":"<p>Morcilla tradicional con arroz, rica y llena de sabor.<\/p>","protected":false},"featured_media":14524,"comment_status":"open","ping_status":"closed","template":"","meta":{"_acf_changed":false},"product_brand":[422],"product_cat":[97],"product_tag":[],"class_list":{"0":"post-14523","1":"product","2":"type-product","3":"status-publish","4":"has-post-thumbnail","6":"product_brand-origen-latino","7":"product_cat-congelados-y-refrigerados","9":"first","10":"instock","11":"taxable","12":"shipping-taxable","13":"purchasable","14":"product-type-simple"},"acf":[],"aioseo_notices":[],"_links":{"self":[{"href":"https:\/\/origenlatino.pl\/pl\/wp-json\/wp\/v2\/product\/14523","targetHints":{"allow":["GET"]}}],"collection":[{"href":"https:\/\/origenlatino.pl\/pl\/wp-json\/wp\/v2\/product"}],"about":[{"href":"https:\/\/origenlatino.pl\/pl\/wp-json\/wp\/v2\/types\/product"}],"replies":[{"embeddable":true,"href":"https:\/\/origenlatino.pl\/pl\/wp-json\/wp\/v2\/comments?post=14523"}],"wp:featuredmedia":[{"embeddable":true,"href":"https:\/\/origenlatino.pl\/pl\/wp-json\/wp\/v2\/media\/14524"}],"wp:attachment":[{"href":"https:\/\/origenlatino.pl\/pl\/wp-json\/wp\/v2\/media?parent=14523"}],"wp:term":[{"taxonomy":"product_brand","embeddable":true,"href":"https:\/\/origenlatino.pl\/pl\/wp-json\/wp\/v2\/product_brand?post=14523"},{"taxonomy":"product_cat","embeddable":true,"href":"https:\/\/origenlatino.pl\/pl\/wp-json\/wp\/v2\/product_cat?post=14523"},{"taxonomy":"product_tag","embeddable":true,"href":"https:\/\/origenlatino.pl\/pl\/wp-json\/wp\/v2\/product_tag?post=14523"}],"curies":[{"name":"wp","href":"https:\/\/api.w.org\/{rel}","templated":true}]}}