{"id":14529,"date":"2026-04-03T16:30:29","date_gmt":"2026-04-03T14:30:29","guid":{"rendered":"https:\/\/origenlatino.pl\/?post_type=product&#038;p=14529"},"modified":"2026-04-13T01:34:17","modified_gmt":"2026-04-12T23:34:17","slug":"arepa-amarilla-artesana-6-und-750g","status":"publish","type":"product","link":"https:\/\/origenlatino.pl\/pl\/produkt\/arepa-amarilla-artesana-6-und-750g\/","title":{"rendered":"Queso Mini Redondo (800g)"},"content":{"rendered":"<p>El queso mini redondo combina tradici\u00f3n y comodidad. Su tama\u00f1o lo hace ideal para el consumo familiar, con una textura firme y sabor equilibrado perfecto para m\u00faltiples preparaciones.<\/p>","protected":false},"excerpt":{"rendered":"<p>Queso artesanal de formato pr\u00e1ctico, sabor suave y textura firme.<\/p>","protected":false},"featured_media":14532,"comment_status":"open","ping_status":"closed","template":"","meta":{"_acf_changed":false},"product_brand":[422],"product_cat":[97],"product_tag":[],"class_list":{"0":"post-14529","1":"product","2":"type-product","3":"status-publish","4":"has-post-thumbnail","6":"product_brand-origen-latino","7":"product_cat-congelados-y-refrigerados","9":"first","10":"instock","11":"taxable","12":"shipping-taxable","13":"purchasable","14":"product-type-simple"},"acf":[],"aioseo_notices":[],"_links":{"self":[{"href":"https:\/\/origenlatino.pl\/pl\/wp-json\/wp\/v2\/product\/14529","targetHints":{"allow":["GET"]}}],"collection":[{"href":"https:\/\/origenlatino.pl\/pl\/wp-json\/wp\/v2\/product"}],"about":[{"href":"https:\/\/origenlatino.pl\/pl\/wp-json\/wp\/v2\/types\/product"}],"replies":[{"embeddable":true,"href":"https:\/\/origenlatino.pl\/pl\/wp-json\/wp\/v2\/comments?post=14529"}],"wp:featuredmedia":[{"embeddable":true,"href":"https:\/\/origenlatino.pl\/pl\/wp-json\/wp\/v2\/media\/14532"}],"wp:attachment":[{"href":"https:\/\/origenlatino.pl\/pl\/wp-json\/wp\/v2\/media?parent=14529"}],"wp:term":[{"taxonomy":"product_brand","embeddable":true,"href":"https:\/\/origenlatino.pl\/pl\/wp-json\/wp\/v2\/product_brand?post=14529"},{"taxonomy":"product_cat","embeddable":true,"href":"https:\/\/origenlatino.pl\/pl\/wp-json\/wp\/v2\/product_cat?post=14529"},{"taxonomy":"product_tag","embeddable":true,"href":"https:\/\/origenlatino.pl\/pl\/wp-json\/wp\/v2\/product_tag?post=14529"}],"curies":[{"name":"wp","href":"https:\/\/api.w.org\/{rel}","templated":true}]}}