{"id":14534,"date":"2026-04-03T16:41:11","date_gmt":"2026-04-03T14:41:11","guid":{"rendered":"https:\/\/origenlatino.pl\/?post_type=product&#038;p=14534"},"modified":"2026-04-16T18:00:07","modified_gmt":"2026-04-16T16:00:07","slug":"queso-taco-300g","status":"publish","type":"product","link":"https:\/\/origenlatino.pl\/pl\/produkt\/queso-taco-300g\/","title":{"rendered":"Queso Taco (300g)"},"content":{"rendered":"<p>Este queso en presentaci\u00f3n tipo taco es ideal para quienes buscan practicidad. F\u00e1cil de porcionar, perfecto para cocinar, gratinar o preparar comidas r\u00e1pidas con sabor aut\u00e9ntico.<\/p>","protected":false},"excerpt":{"rendered":"<p>Queso compacto y pr\u00e1ctico, listo para cortar o rallar.<\/p>","protected":false},"featured_media":14533,"comment_status":"open","ping_status":"closed","template":"","meta":{"_acf_changed":false},"product_brand":[422],"product_cat":[97],"product_tag":[],"class_list":{"0":"post-14534","1":"product","2":"type-product","3":"status-publish","4":"has-post-thumbnail","6":"product_brand-origen-latino","7":"product_cat-congelados-y-refrigerados","9":"first","10":"instock","11":"sale","12":"taxable","13":"shipping-taxable","14":"purchasable","15":"product-type-simple"},"acf":[],"aioseo_notices":[],"_links":{"self":[{"href":"https:\/\/origenlatino.pl\/pl\/wp-json\/wp\/v2\/product\/14534","targetHints":{"allow":["GET"]}}],"collection":[{"href":"https:\/\/origenlatino.pl\/pl\/wp-json\/wp\/v2\/product"}],"about":[{"href":"https:\/\/origenlatino.pl\/pl\/wp-json\/wp\/v2\/types\/product"}],"replies":[{"embeddable":true,"href":"https:\/\/origenlatino.pl\/pl\/wp-json\/wp\/v2\/comments?post=14534"}],"wp:featuredmedia":[{"embeddable":true,"href":"https:\/\/origenlatino.pl\/pl\/wp-json\/wp\/v2\/media\/14533"}],"wp:attachment":[{"href":"https:\/\/origenlatino.pl\/pl\/wp-json\/wp\/v2\/media?parent=14534"}],"wp:term":[{"taxonomy":"product_brand","embeddable":true,"href":"https:\/\/origenlatino.pl\/pl\/wp-json\/wp\/v2\/product_brand?post=14534"},{"taxonomy":"product_cat","embeddable":true,"href":"https:\/\/origenlatino.pl\/pl\/wp-json\/wp\/v2\/product_cat?post=14534"},{"taxonomy":"product_tag","embeddable":true,"href":"https:\/\/origenlatino.pl\/pl\/wp-json\/wp\/v2\/product_tag?post=14534"}],"curies":[{"name":"wp","href":"https:\/\/api.w.org\/{rel}","templated":true}]}}