{"id":14782,"date":"2026-04-16T17:28:05","date_gmt":"2026-04-16T15:28:05","guid":{"rendered":"https:\/\/origenlatino.pl\/?post_type=product&#038;p=14782"},"modified":"2026-04-16T17:35:18","modified_gmt":"2026-04-16T15:35:18","slug":"tajin-original-liquido-455ml","status":"publish","type":"product","link":"https:\/\/origenlatino.pl\/pl\/produkt\/tajin-original-liquido-455ml\/","title":{"rendered":"Taj\u00edn Original L\u00edquido 455ML"},"content":{"rendered":"<p>Taj\u00edn l\u00edquido 475 g es una salsa mexicana de chamoy y chile, con mezcla de chiles, lima\/lim\u00f3n, sal de mar ideal para frutas, bot\u00e1nicas y snacks.<\/p>","protected":false},"excerpt":{"rendered":"<p>Taj\u00edn l\u00edquido 475 g es una salsa mexicana de chamoy y chile, con mezcla de chiles, lima\/lim\u00f3n, sal de mar ideal para frutas, bot\u00e1nicas y snacks.<\/p>","protected":false},"featured_media":14784,"comment_status":"open","ping_status":"closed","template":"","meta":{"_acf_changed":false},"product_brand":[377],"product_cat":[96],"product_tag":[92],"class_list":{"0":"post-14782","1":"product","2":"type-product","3":"status-publish","4":"has-post-thumbnail","6":"product_brand-tajin","7":"product_cat-especias","8":"product_tag-mexico","9":"product_shipping_class-especias","11":"first","12":"instock","13":"taxable","14":"shipping-taxable","15":"purchasable","16":"product-type-simple"},"acf":[],"aioseo_notices":[],"_links":{"self":[{"href":"https:\/\/origenlatino.pl\/pl\/wp-json\/wp\/v2\/product\/14782","targetHints":{"allow":["GET"]}}],"collection":[{"href":"https:\/\/origenlatino.pl\/pl\/wp-json\/wp\/v2\/product"}],"about":[{"href":"https:\/\/origenlatino.pl\/pl\/wp-json\/wp\/v2\/types\/product"}],"replies":[{"embeddable":true,"href":"https:\/\/origenlatino.pl\/pl\/wp-json\/wp\/v2\/comments?post=14782"}],"wp:featuredmedia":[{"embeddable":true,"href":"https:\/\/origenlatino.pl\/pl\/wp-json\/wp\/v2\/media\/14784"}],"wp:attachment":[{"href":"https:\/\/origenlatino.pl\/pl\/wp-json\/wp\/v2\/media?parent=14782"}],"wp:term":[{"taxonomy":"product_brand","embeddable":true,"href":"https:\/\/origenlatino.pl\/pl\/wp-json\/wp\/v2\/product_brand?post=14782"},{"taxonomy":"product_cat","embeddable":true,"href":"https:\/\/origenlatino.pl\/pl\/wp-json\/wp\/v2\/product_cat?post=14782"},{"taxonomy":"product_tag","embeddable":true,"href":"https:\/\/origenlatino.pl\/pl\/wp-json\/wp\/v2\/product_tag?post=14782"}],"curies":[{"name":"wp","href":"https:\/\/api.w.org\/{rel}","templated":true}]}}