{"id":14790,"date":"2026-04-16T17:39:02","date_gmt":"2026-04-16T15:39:02","guid":{"rendered":"https:\/\/origenlatino.pl\/?post_type=product&#038;p=14790"},"modified":"2026-04-16T17:43:13","modified_gmt":"2026-04-16T15:43:13","slug":"jugo-de-maracuya-500ml-maaza-pet","status":"publish","type":"product","link":"https:\/\/origenlatino.pl\/pl\/produkt\/jugo-de-maracuya-500ml-maaza-pet\/","title":{"rendered":"JUGO DE MARACUY\u00c1  500ML MAAZA PET"},"content":{"rendered":"<p>Maaza Passion Fruit es una bebida de maracuy\u00e1 elaborada con jugo de fruta, con sabor dulce, arom\u00e1tico y refrescante que despierta los sentidos con un toque de pasi\u00f3n sudamericana. Ideal para disfrutar sola, con hielo o como base para c\u00f3cteles y mocktails tropicales.<\/p>","protected":false},"excerpt":{"rendered":"<p>Bebida de maracuy\u00e1 con sabor dulce y arom\u00e1tico, perfecta para refrescarte o preparar bebidas tropicales.<\/p>","protected":false},"featured_media":14793,"comment_status":"open","ping_status":"closed","template":"","meta":{"_acf_changed":false},"product_brand":[413],"product_cat":[15],"product_tag":[89,90,95,91,253,92,208,93,259],"class_list":{"0":"post-14790","1":"product","2":"type-product","3":"status-publish","4":"has-post-thumbnail","6":"product_brand-maaza","7":"product_cat-bebidas","8":"product_tag-argentina","9":"product_tag-bolivia","10":"product_tag-colombia","11":"product_tag-ecuador","12":"product_tag-el-salvador","13":"product_tag-mexico","14":"product_tag-paraguay","15":"product_tag-peru","16":"product_tag-rep-dominicana","18":"first","19":"instock","20":"taxable","21":"shipping-taxable","22":"purchasable","23":"product-type-simple"},"acf":[],"aioseo_notices":[],"_links":{"self":[{"href":"https:\/\/origenlatino.pl\/pl\/wp-json\/wp\/v2\/product\/14790","targetHints":{"allow":["GET"]}}],"collection":[{"href":"https:\/\/origenlatino.pl\/pl\/wp-json\/wp\/v2\/product"}],"about":[{"href":"https:\/\/origenlatino.pl\/pl\/wp-json\/wp\/v2\/types\/product"}],"replies":[{"embeddable":true,"href":"https:\/\/origenlatino.pl\/pl\/wp-json\/wp\/v2\/comments?post=14790"}],"wp:featuredmedia":[{"embeddable":true,"href":"https:\/\/origenlatino.pl\/pl\/wp-json\/wp\/v2\/media\/14793"}],"wp:attachment":[{"href":"https:\/\/origenlatino.pl\/pl\/wp-json\/wp\/v2\/media?parent=14790"}],"wp:term":[{"taxonomy":"product_brand","embeddable":true,"href":"https:\/\/origenlatino.pl\/pl\/wp-json\/wp\/v2\/product_brand?post=14790"},{"taxonomy":"product_cat","embeddable":true,"href":"https:\/\/origenlatino.pl\/pl\/wp-json\/wp\/v2\/product_cat?post=14790"},{"taxonomy":"product_tag","embeddable":true,"href":"https:\/\/origenlatino.pl\/pl\/wp-json\/wp\/v2\/product_tag?post=14790"}],"curies":[{"name":"wp","href":"https:\/\/api.w.org\/{rel}","templated":true}]}}