{"id":14801,"date":"2026-04-16T17:44:02","date_gmt":"2026-04-16T15:44:02","guid":{"rendered":"https:\/\/origenlatino.pl\/?post_type=product&#038;p=14801"},"modified":"2026-04-17T20:17:18","modified_gmt":"2026-04-17T18:17:18","slug":"jugo-de-guayaba-500ml-maaza-pet-copia","status":"publish","type":"product","link":"https:\/\/origenlatino.pl\/pl\/produkt\/jugo-de-guayaba-500ml-maaza-pet-copia\/","title":{"rendered":"JUGO DE Tropical  500ML MAAZA PET"},"content":{"rendered":"<p>Maaza Tropical es una bebida de jugos mixtos que combina sabores de manzana, pl\u00e1tano, pi\u00f1a, lim\u00f3n y durazno para crear un perfil frutal equilibrado entre dulce y refrescante. Su sabor suave y muy afrutado la convierte en una favorita para ni\u00f1os y adultos, perfecta para el d\u00eda a d\u00eda.<\/p>","protected":false},"excerpt":{"rendered":"<p>Bebida de mezcla tropical de frutas (manzana, pl\u00e1tano, pi\u00f1a, lim\u00f3n y durazno), dulce y muy refrescante.<\/p>","protected":false},"featured_media":14797,"comment_status":"open","ping_status":"closed","template":"","meta":{"_acf_changed":false},"product_brand":[413],"product_cat":[15],"product_tag":[89,90,95,91,253,92,208,93,259],"class_list":{"0":"post-14801","1":"product","2":"type-product","3":"status-publish","4":"has-post-thumbnail","6":"product_brand-maaza","7":"product_cat-bebidas","8":"product_tag-argentina","9":"product_tag-bolivia","10":"product_tag-colombia","11":"product_tag-ecuador","12":"product_tag-el-salvador","13":"product_tag-mexico","14":"product_tag-paraguay","15":"product_tag-peru","16":"product_tag-rep-dominicana","18":"first","19":"instock","20":"taxable","21":"shipping-taxable","22":"purchasable","23":"product-type-simple"},"acf":[],"aioseo_notices":[],"_links":{"self":[{"href":"https:\/\/origenlatino.pl\/pl\/wp-json\/wp\/v2\/product\/14801","targetHints":{"allow":["GET"]}}],"collection":[{"href":"https:\/\/origenlatino.pl\/pl\/wp-json\/wp\/v2\/product"}],"about":[{"href":"https:\/\/origenlatino.pl\/pl\/wp-json\/wp\/v2\/types\/product"}],"replies":[{"embeddable":true,"href":"https:\/\/origenlatino.pl\/pl\/wp-json\/wp\/v2\/comments?post=14801"}],"wp:featuredmedia":[{"embeddable":true,"href":"https:\/\/origenlatino.pl\/pl\/wp-json\/wp\/v2\/media\/14797"}],"wp:attachment":[{"href":"https:\/\/origenlatino.pl\/pl\/wp-json\/wp\/v2\/media?parent=14801"}],"wp:term":[{"taxonomy":"product_brand","embeddable":true,"href":"https:\/\/origenlatino.pl\/pl\/wp-json\/wp\/v2\/product_brand?post=14801"},{"taxonomy":"product_cat","embeddable":true,"href":"https:\/\/origenlatino.pl\/pl\/wp-json\/wp\/v2\/product_cat?post=14801"},{"taxonomy":"product_tag","embeddable":true,"href":"https:\/\/origenlatino.pl\/pl\/wp-json\/wp\/v2\/product_tag?post=14801"}],"curies":[{"name":"wp","href":"https:\/\/api.w.org\/{rel}","templated":true}]}}