{"id":14803,"date":"2026-04-16T17:52:28","date_gmt":"2026-04-16T15:52:28","guid":{"rendered":"https:\/\/origenlatino.pl\/?post_type=product&#038;p=14803"},"modified":"2026-04-16T17:53:55","modified_gmt":"2026-04-16T15:53:55","slug":"jugo-de-mango-500ml-maaza-pet","status":"publish","type":"product","link":"https:\/\/origenlatino.pl\/pl\/produkt\/jugo-de-mango-500ml-maaza-pet\/","title":{"rendered":"JUGO DE MANGO 500ML MAAZA PET"},"content":{"rendered":"<p>Maaza Mango es una bebida de mango con pur\u00e9 de fruta real, de sabor intenso, textura suave y cremosa que te transporta directamente al tr\u00f3pico. Es un cl\u00e1sico de Maaza, ideal para tomar bien fr\u00edo en cualquier momento del d\u00eda o acompa\u00f1ando tus comidas favoritas.<\/p>","protected":false},"excerpt":{"rendered":"<p>Bebida cremosa de mango con pur\u00e9 de fruta real e intenso sabor tropical.<a href=\"https:\/\/www.enjoymaaza.com\/products\/passion-fruit-50cl-pet\/\" target=\"_blank\" rel=\"noreferrer noopener\"><\/a><\/p>","protected":false},"featured_media":14796,"comment_status":"open","ping_status":"closed","template":"","meta":{"_acf_changed":false},"product_brand":[413],"product_cat":[15],"product_tag":[89,90,95,91,253,92,208,93,259],"class_list":{"0":"post-14803","1":"product","2":"type-product","3":"status-publish","4":"has-post-thumbnail","6":"product_brand-maaza","7":"product_cat-bebidas","8":"product_tag-argentina","9":"product_tag-bolivia","10":"product_tag-colombia","11":"product_tag-ecuador","12":"product_tag-el-salvador","13":"product_tag-mexico","14":"product_tag-paraguay","15":"product_tag-peru","16":"product_tag-rep-dominicana","18":"first","19":"instock","20":"taxable","21":"shipping-taxable","22":"purchasable","23":"product-type-simple"},"acf":[],"aioseo_notices":[],"_links":{"self":[{"href":"https:\/\/origenlatino.pl\/pl\/wp-json\/wp\/v2\/product\/14803","targetHints":{"allow":["GET"]}}],"collection":[{"href":"https:\/\/origenlatino.pl\/pl\/wp-json\/wp\/v2\/product"}],"about":[{"href":"https:\/\/origenlatino.pl\/pl\/wp-json\/wp\/v2\/types\/product"}],"replies":[{"embeddable":true,"href":"https:\/\/origenlatino.pl\/pl\/wp-json\/wp\/v2\/comments?post=14803"}],"wp:featuredmedia":[{"embeddable":true,"href":"https:\/\/origenlatino.pl\/pl\/wp-json\/wp\/v2\/media\/14796"}],"wp:attachment":[{"href":"https:\/\/origenlatino.pl\/pl\/wp-json\/wp\/v2\/media?parent=14803"}],"wp:term":[{"taxonomy":"product_brand","embeddable":true,"href":"https:\/\/origenlatino.pl\/pl\/wp-json\/wp\/v2\/product_brand?post=14803"},{"taxonomy":"product_cat","embeddable":true,"href":"https:\/\/origenlatino.pl\/pl\/wp-json\/wp\/v2\/product_cat?post=14803"},{"taxonomy":"product_tag","embeddable":true,"href":"https:\/\/origenlatino.pl\/pl\/wp-json\/wp\/v2\/product_tag?post=14803"}],"curies":[{"name":"wp","href":"https:\/\/api.w.org\/{rel}","templated":true}]}}