{"id":14877,"date":"2026-04-20T19:59:24","date_gmt":"2026-04-20T17:59:24","guid":{"rendered":"https:\/\/origenlatino.pl\/?post_type=product&#038;p=14877"},"modified":"2026-04-20T20:05:40","modified_gmt":"2026-04-20T18:05:40","slug":"granadilla","status":"publish","type":"product","link":"https:\/\/origenlatino.pl\/pl\/produkt\/granadilla\/","title":{"rendered":"GRANADILLA"},"content":{"rendered":"<p><\/p>","protected":false},"excerpt":{"rendered":"<p>La granadilla, tambi\u00e9n conocida como pasiflora dulce (Passiflora ligularis) o granadilla, es una fruta ex\u00f3tica originaria de las regiones monta\u00f1osas de Sudam\u00e9rica, entre ellas Colombia, Per\u00fa, Venezuela y Bolivia. Se cultiva en pa\u00edses tropicales y est\u00e1 ganando popularidad en Polonia gracias a su disponibilidad en tiendas como Kaufland o en las fruter\u00edas locales. 1KG<\/p>","protected":false},"featured_media":14878,"comment_status":"open","ping_status":"closed","template":"","meta":{"_acf_changed":false},"product_brand":[],"product_cat":[100],"product_tag":[89,90,95,91,92,208,93,94],"class_list":{"0":"post-14877","1":"product","2":"type-product","3":"status-publish","4":"has-post-thumbnail","6":"product_cat-frutas-y-verduras","7":"product_tag-argentina","8":"product_tag-bolivia","9":"product_tag-colombia","10":"product_tag-ecuador","11":"product_tag-mexico","12":"product_tag-paraguay","13":"product_tag-peru","14":"product_tag-venezuela","15":"product_shipping_class-perecederos","17":"first","18":"instock","19":"taxable","20":"shipping-taxable","21":"purchasable","22":"product-type-simple"},"acf":[],"aioseo_notices":[],"_links":{"self":[{"href":"https:\/\/origenlatino.pl\/pl\/wp-json\/wp\/v2\/product\/14877","targetHints":{"allow":["GET"]}}],"collection":[{"href":"https:\/\/origenlatino.pl\/pl\/wp-json\/wp\/v2\/product"}],"about":[{"href":"https:\/\/origenlatino.pl\/pl\/wp-json\/wp\/v2\/types\/product"}],"replies":[{"embeddable":true,"href":"https:\/\/origenlatino.pl\/pl\/wp-json\/wp\/v2\/comments?post=14877"}],"wp:featuredmedia":[{"embeddable":true,"href":"https:\/\/origenlatino.pl\/pl\/wp-json\/wp\/v2\/media\/14878"}],"wp:attachment":[{"href":"https:\/\/origenlatino.pl\/pl\/wp-json\/wp\/v2\/media?parent=14877"}],"wp:term":[{"taxonomy":"product_brand","embeddable":true,"href":"https:\/\/origenlatino.pl\/pl\/wp-json\/wp\/v2\/product_brand?post=14877"},{"taxonomy":"product_cat","embeddable":true,"href":"https:\/\/origenlatino.pl\/pl\/wp-json\/wp\/v2\/product_cat?post=14877"},{"taxonomy":"product_tag","embeddable":true,"href":"https:\/\/origenlatino.pl\/pl\/wp-json\/wp\/v2\/product_tag?post=14877"}],"curies":[{"name":"wp","href":"https:\/\/api.w.org\/{rel}","templated":true}]}}