{"id":14881,"date":"2026-04-20T20:02:22","date_gmt":"2026-04-20T18:02:22","guid":{"rendered":"https:\/\/origenlatino.pl\/?post_type=product&#038;p=14881"},"modified":"2026-04-20T20:04:35","modified_gmt":"2026-04-20T18:04:35","slug":"malanga-kilo","status":"publish","type":"product","link":"https:\/\/origenlatino.pl\/pl\/produkt\/malanga-kilo\/","title":{"rendered":"MALANGA KILO"},"content":{"rendered":"<p><\/p>","protected":false},"excerpt":{"rendered":"<p>La malanga es un tub\u00e9rculo rico en almid\u00f3n procedente de la planta Colocasia esculenta (tambi\u00e9n conocida como taro), muy popular en las cocinas de Am\u00e9rica Latina, el Caribe y las regiones tropicales, donde recibe nombres como quiscamote, uncucha, \u00f1amp\u00ed o yaut\u00eda coco en las zonas de habla hispana. Tiene una piel marr\u00f3n, vellosa o fibrosa y una pulpa de color blanco a amarillento rica en almid\u00f3n, que ofrece un sabor cremoso y a frutos secos m\u00e1s suave que el de la patata cuando se cocina; es ideal para fre\u00edr, hervir, hacer pur\u00e9 o en sopas, aunque debe cocinarse completamente para evitar la irritaci\u00f3n causada por los oxalatos presentes en el estado crudo.<\/p>","protected":false},"featured_media":14882,"comment_status":"open","ping_status":"closed","template":"","meta":{"_acf_changed":false},"product_brand":[],"product_cat":[100],"product_tag":[89,90,95,91,92,208,93,94],"class_list":{"0":"post-14881","1":"product","2":"type-product","3":"status-publish","4":"has-post-thumbnail","6":"product_cat-frutas-y-verduras","7":"product_tag-argentina","8":"product_tag-bolivia","9":"product_tag-colombia","10":"product_tag-ecuador","11":"product_tag-mexico","12":"product_tag-paraguay","13":"product_tag-peru","14":"product_tag-venezuela","15":"product_shipping_class-perecederos","17":"first","18":"instock","19":"taxable","20":"shipping-taxable","21":"purchasable","22":"product-type-simple"},"acf":[],"aioseo_notices":[],"_links":{"self":[{"href":"https:\/\/origenlatino.pl\/pl\/wp-json\/wp\/v2\/product\/14881","targetHints":{"allow":["GET"]}}],"collection":[{"href":"https:\/\/origenlatino.pl\/pl\/wp-json\/wp\/v2\/product"}],"about":[{"href":"https:\/\/origenlatino.pl\/pl\/wp-json\/wp\/v2\/types\/product"}],"replies":[{"embeddable":true,"href":"https:\/\/origenlatino.pl\/pl\/wp-json\/wp\/v2\/comments?post=14881"}],"wp:featuredmedia":[{"embeddable":true,"href":"https:\/\/origenlatino.pl\/pl\/wp-json\/wp\/v2\/media\/14882"}],"wp:attachment":[{"href":"https:\/\/origenlatino.pl\/pl\/wp-json\/wp\/v2\/media?parent=14881"}],"wp:term":[{"taxonomy":"product_brand","embeddable":true,"href":"https:\/\/origenlatino.pl\/pl\/wp-json\/wp\/v2\/product_brand?post=14881"},{"taxonomy":"product_cat","embeddable":true,"href":"https:\/\/origenlatino.pl\/pl\/wp-json\/wp\/v2\/product_cat?post=14881"},{"taxonomy":"product_tag","embeddable":true,"href":"https:\/\/origenlatino.pl\/pl\/wp-json\/wp\/v2\/product_tag?post=14881"}],"curies":[{"name":"wp","href":"https:\/\/api.w.org\/{rel}","templated":true}]}}