{"id":14884,"date":"2026-04-20T20:05:51","date_gmt":"2026-04-20T18:05:51","guid":{"rendered":"https:\/\/origenlatino.pl\/?post_type=product&#038;p=14884"},"modified":"2026-04-20T20:17:27","modified_gmt":"2026-04-20T18:17:27","slug":"aloe-vera-kilo-sabila","status":"publish","type":"product","link":"https:\/\/origenlatino.pl\/pl\/produkt\/aloe-vera-kilo-sabila\/","title":{"rendered":"ALOE VERA KILO S\u00c1BILA"},"content":{"rendered":"<p><\/p>","protected":false},"excerpt":{"rendered":"<p>El aloe vera (Aloe barbadensis Miller) es una planta suculenta originaria de regiones \u00e1ridas, muy apreciada por sus hojas gruesas y carnosas, que contienen un gel transparente rico en vitaminas, enzimas, antioxidantes y amino\u00e1cidos.<br \/>Principales beneficios y usos<br \/>Cuidado de la piel: El gel alivia las quemaduras solares, hidrata, acelera la cicatrizaci\u00f3n de las heridas, reduce la inflamaci\u00f3n causada por el acn\u00e9 o el eccema y mejora la elasticidad de la piel gracias a sus propiedades antibacterianas y regenerativas.<br \/>Salud digestiva: Beber jugo de aloe vera (procedente del gel del interior de la hoja) puede ayudar a la digesti\u00f3n, aliviar la acidez estomacal, favorecer la salud intestinal y, potencialmente, reducir los niveles de az\u00facar en sangre o colesterol, aunque las pruebas al respecto son dispares.<br \/>Salud bucodental: Reduce la placa y la gingivitis cuando se utiliza en enjuagues bucales.<br \/>Otros: Los antioxidantes como los polifenoles combaten los radicales libres; algunas personas lo utilizan para controlar el peso al estimular el metabolismo o la desintoxicaci\u00f3n, pero consulte a un m\u00e9dico antes de consumirlo internamente.<\/p>","protected":false},"featured_media":14885,"comment_status":"open","ping_status":"closed","template":"","meta":{"_acf_changed":false},"product_brand":[],"product_cat":[100],"product_tag":[89,90,95,91,92,208,93,94],"class_list":{"0":"post-14884","1":"product","2":"type-product","3":"status-publish","4":"has-post-thumbnail","6":"product_cat-frutas-y-verduras","7":"product_tag-argentina","8":"product_tag-bolivia","9":"product_tag-colombia","10":"product_tag-ecuador","11":"product_tag-mexico","12":"product_tag-paraguay","13":"product_tag-peru","14":"product_tag-venezuela","15":"product_shipping_class-perecederos","17":"first","18":"instock","19":"taxable","20":"shipping-taxable","21":"purchasable","22":"product-type-simple"},"acf":[],"aioseo_notices":[],"_links":{"self":[{"href":"https:\/\/origenlatino.pl\/pl\/wp-json\/wp\/v2\/product\/14884","targetHints":{"allow":["GET"]}}],"collection":[{"href":"https:\/\/origenlatino.pl\/pl\/wp-json\/wp\/v2\/product"}],"about":[{"href":"https:\/\/origenlatino.pl\/pl\/wp-json\/wp\/v2\/types\/product"}],"replies":[{"embeddable":true,"href":"https:\/\/origenlatino.pl\/pl\/wp-json\/wp\/v2\/comments?post=14884"}],"wp:featuredmedia":[{"embeddable":true,"href":"https:\/\/origenlatino.pl\/pl\/wp-json\/wp\/v2\/media\/14885"}],"wp:attachment":[{"href":"https:\/\/origenlatino.pl\/pl\/wp-json\/wp\/v2\/media?parent=14884"}],"wp:term":[{"taxonomy":"product_brand","embeddable":true,"href":"https:\/\/origenlatino.pl\/pl\/wp-json\/wp\/v2\/product_brand?post=14884"},{"taxonomy":"product_cat","embeddable":true,"href":"https:\/\/origenlatino.pl\/pl\/wp-json\/wp\/v2\/product_cat?post=14884"},{"taxonomy":"product_tag","embeddable":true,"href":"https:\/\/origenlatino.pl\/pl\/wp-json\/wp\/v2\/product_tag?post=14884"}],"curies":[{"name":"wp","href":"https:\/\/api.w.org\/{rel}","templated":true}]}}