{"id":4871,"date":"2025-01-12T18:17:31","date_gmt":"2025-01-12T17:17:31","guid":{"rendered":"https:\/\/origenlatino.pl\/?post_type=product&#038;p=4871"},"modified":"2026-04-20T22:06:25","modified_gmt":"2026-04-20T20:06:25","slug":"bon-bon-bum-sandia-bolsa-24-unidades","status":"publish","type":"product","link":"https:\/\/origenlatino.pl\/pl\/produkt\/bon-bon-bum-sandia-bolsa-24-unidades\/","title":{"rendered":"Bon Bon Bum Sand\u00eda Bolsa 24 unidades"},"content":{"rendered":"<p><strong>Bon Bon BUM Sand\u00eda Colombina Bolsa 408g<\/strong> es un paquete de divertidos caramelos con chicle en su interior, elaborados por la reconocida marca colombiana <strong>Colombina<\/strong>. A continuaci\u00f3n, sus caracter\u00edsticas principales:<\/p>\n\n\n\n<ol class=\"wp-block-list\">\n<li><strong>Sabor refrescante y frutal<\/strong>\n<ul class=\"wp-block-list\">\n<li>Cada paleta ofrece un intenso sabor a sand\u00eda y, al llegar al centro, se convierte en un chicle suave y dulce.<\/li>\n<\/ul>\n<\/li>\n\n\n\n<li><strong>Contenido y presentaci\u00f3n<\/strong>\n<ul class=\"wp-block-list\">\n<li>La bolsa de 408 g contiene varias unidades, ideales para compartir en fiestas, reuniones o simplemente para disfrutar en cualquier momento del d\u00eda.<\/li>\n<\/ul>\n<\/li>\n\n\n\n<li><strong>Calidad Colombina<\/strong>\n<ul class=\"wp-block-list\">\n<li>Con una larga trayectoria en confiter\u00eda, Colombina garantiza productos de gran calidad y sabor inigualable.<\/li>\n<\/ul>\n<\/li>\n\n\n\n<li><strong>Disfrute para todos<\/strong>\n<ul class=\"wp-block-list\">\n<li>El contraste entre la frescura de la sand\u00eda y la diversi\u00f3n de la goma de mascar hace que sean populares tanto entre ni\u00f1os como adultos.<\/li>\n<\/ul>\n<\/li>\n\n\n\n<li><strong>F\u00e1cil de llevar y almacenar<\/strong>\n<ul class=\"wp-block-list\">\n<li>El empaque es c\u00f3modo de transportar en la mochila o bolso, y permite mantener la frescura y el sabor de las paletas.<\/li>\n<\/ul>\n<\/li>\n<\/ol>\n\n\n\n<p>\u00a1Disfruta el sabor veraniego y la dulce sorpresa de <strong>Bon Bon BUM Sand\u00eda Colombina<\/strong> y comp\u00e1rtelo con tus familiares y amigos en cualquier ocasi\u00f3n!<\/p>","protected":false},"excerpt":{"rendered":"<p>Bon Bon Bum Sand\u00eda Bolsa 24 unidades<\/p>","protected":false},"featured_media":4935,"comment_status":"open","ping_status":"closed","template":"","meta":{"_acf_changed":false},"product_brand":[],"product_cat":[99],"product_tag":[95,94],"class_list":{"0":"post-4871","1":"product","2":"type-product","3":"status-publish","4":"has-post-thumbnail","6":"product_cat-dulces","7":"product_tag-colombia","8":"product_tag-venezuela","10":"first","11":"instock","12":"taxable","13":"shipping-taxable","14":"purchasable","15":"product-type-simple"},"acf":[],"aioseo_notices":[],"_links":{"self":[{"href":"https:\/\/origenlatino.pl\/pl\/wp-json\/wp\/v2\/product\/4871","targetHints":{"allow":["GET"]}}],"collection":[{"href":"https:\/\/origenlatino.pl\/pl\/wp-json\/wp\/v2\/product"}],"about":[{"href":"https:\/\/origenlatino.pl\/pl\/wp-json\/wp\/v2\/types\/product"}],"replies":[{"embeddable":true,"href":"https:\/\/origenlatino.pl\/pl\/wp-json\/wp\/v2\/comments?post=4871"}],"wp:featuredmedia":[{"embeddable":true,"href":"https:\/\/origenlatino.pl\/pl\/wp-json\/wp\/v2\/media\/4935"}],"wp:attachment":[{"href":"https:\/\/origenlatino.pl\/pl\/wp-json\/wp\/v2\/media?parent=4871"}],"wp:term":[{"taxonomy":"product_brand","embeddable":true,"href":"https:\/\/origenlatino.pl\/pl\/wp-json\/wp\/v2\/product_brand?post=4871"},{"taxonomy":"product_cat","embeddable":true,"href":"https:\/\/origenlatino.pl\/pl\/wp-json\/wp\/v2\/product_cat?post=4871"},{"taxonomy":"product_tag","embeddable":true,"href":"https:\/\/origenlatino.pl\/pl\/wp-json\/wp\/v2\/product_tag?post=4871"}],"curies":[{"name":"wp","href":"https:\/\/api.w.org\/{rel}","templated":true}]}}