{"id":5004,"date":"2025-01-19T22:52:33","date_gmt":"2025-01-19T21:52:33","guid":{"rendered":"https:\/\/origenlatino.pl\/?post_type=product&#038;p=5004"},"modified":"2026-04-20T13:53:35","modified_gmt":"2026-04-20T11:53:35","slug":"salsa-en-polvo-clasica-frasco-142gr-tajin","status":"publish","type":"product","link":"https:\/\/origenlatino.pl\/pl\/produkt\/salsa-en-polvo-clasica-frasco-142gr-tajin\/","title":{"rendered":"Salsa en Polvo Clasica Frasco 142gr TAJ\u00cdN\u00ae"},"content":{"rendered":"<p><strong>Salsa en Polvo Cl\u00e1sica Frasco 142 g TAJ\u00cdN<\/strong> es un condimento en polvo de origen mexicano, conocido mundialmente por su distintivo balance entre sabores picantes, c\u00edtricos y salados. A continuaci\u00f3n, sus caracter\u00edsticas principales:<\/p>\n\n\n\n<ol class=\"wp-block-list\">\n<li><strong>Sabor ic\u00f3nico<\/strong>\n<ul class=\"wp-block-list\">\n<li>Combina chiles secos, lim\u00f3n y sal para ofrecer un toque picante moderado, con una nota \u00e1cida y ligeramente salada.<\/li>\n\n\n\n<li>Su mezcla de especias realza el sabor natural de los alimentos, haci\u00e9ndolo inconfundible.<\/li>\n<\/ul>\n<\/li>\n\n\n\n<li><strong>Textura en polvo<\/strong>\n<ul class=\"wp-block-list\">\n<li>Al venir en forma de polvo, se adhiere f\u00e1cilmente a frutas, verduras, carnes y botanas, permitiendo un uso vers\u00e1til en la cocina.<\/li>\n\n\n\n<li>Ideal para a\u00f1adir un toque de sabor intenso sin alterar demasiado la consistencia de los alimentos.<\/li>\n<\/ul>\n<\/li>\n\n\n\n<li><strong>Presentaci\u00f3n de 142 g en frasco<\/strong>\n<ul class=\"wp-block-list\">\n<li>El envase con tapa dosificadora facilita espolvorear la cantidad deseada, evitando el desperdicio y manteniendo la frescura del producto.<\/li>\n\n\n\n<li>Su tama\u00f1o lo hace pr\u00e1ctico para llevar a reuniones o parrilladas y compartir con amigos y familia.<\/li>\n<\/ul>\n<\/li>\n\n\n\n<li><strong>Uso vers\u00e1til en la cocina<\/strong>\n<ul class=\"wp-block-list\">\n<li>Perfecto para sazonar frutas (como mango, sand\u00eda o pi\u00f1a), verduras, carnes asadas, pescados o mariscos.<\/li>\n\n\n\n<li>Tambi\u00e9n puede emplearse para realzar c\u00f3cteles y bebidas, por ejemplo, en la sal rim de una michelada o un jugo de tomate.<\/li>\n<\/ul>\n<\/li>\n\n\n\n<li><strong>Tradici\u00f3n y calidad de TAJ\u00cdN<\/strong>\n<ul class=\"wp-block-list\">\n<li>TAJ\u00cdN es una marca mexicana reconocida a nivel internacional por la elaboraci\u00f3n de productos de alta calidad, con ingredientes cuidadosamente seleccionados.<\/li>\n\n\n\n<li>Su salsa en polvo cl\u00e1sica es un emblema de la gastronom\u00eda mexicana, apreciado por su equilibrio entre picante y c\u00edtrico.<\/li>\n<\/ul>\n<\/li>\n<\/ol>\n\n\n\n<p>Con <strong>Salsa en Polvo Cl\u00e1sica Frasco 142 g TAJ\u00cdN<\/strong>, podr\u00e1s dar un giro \u00fanico y aut\u00e9ntico a tus comidas y botanas, aportando el sabor picante-c\u00edtrico caracter\u00edstico que la ha convertido en un favorito en todo el mundo.<\/p>","protected":false},"excerpt":{"rendered":"<p>Salsa en Polvo Clasica Frasco 142gr TAJ\u00cdN<\/p>","protected":false},"featured_media":5005,"comment_status":"open","ping_status":"closed","template":"","meta":{"_acf_changed":false},"product_brand":[377],"product_cat":[96],"product_tag":[92],"class_list":{"0":"post-5004","1":"product","2":"type-product","3":"status-publish","4":"has-post-thumbnail","6":"product_brand-tajin","7":"product_cat-especias","8":"product_tag-mexico","9":"product_shipping_class-especias","11":"first","12":"outofstock","13":"taxable","14":"shipping-taxable","15":"purchasable","16":"product-type-simple"},"acf":[],"aioseo_notices":[],"_links":{"self":[{"href":"https:\/\/origenlatino.pl\/pl\/wp-json\/wp\/v2\/product\/5004","targetHints":{"allow":["GET"]}}],"collection":[{"href":"https:\/\/origenlatino.pl\/pl\/wp-json\/wp\/v2\/product"}],"about":[{"href":"https:\/\/origenlatino.pl\/pl\/wp-json\/wp\/v2\/types\/product"}],"replies":[{"embeddable":true,"href":"https:\/\/origenlatino.pl\/pl\/wp-json\/wp\/v2\/comments?post=5004"}],"wp:featuredmedia":[{"embeddable":true,"href":"https:\/\/origenlatino.pl\/pl\/wp-json\/wp\/v2\/media\/5005"}],"wp:attachment":[{"href":"https:\/\/origenlatino.pl\/pl\/wp-json\/wp\/v2\/media?parent=5004"}],"wp:term":[{"taxonomy":"product_brand","embeddable":true,"href":"https:\/\/origenlatino.pl\/pl\/wp-json\/wp\/v2\/product_brand?post=5004"},{"taxonomy":"product_cat","embeddable":true,"href":"https:\/\/origenlatino.pl\/pl\/wp-json\/wp\/v2\/product_cat?post=5004"},{"taxonomy":"product_tag","embeddable":true,"href":"https:\/\/origenlatino.pl\/pl\/wp-json\/wp\/v2\/product_tag?post=5004"}],"curies":[{"name":"wp","href":"https:\/\/api.w.org\/{rel}","templated":true}]}}