{"id":5072,"date":"2025-01-21T10:13:20","date_gmt":"2025-01-21T09:13:20","guid":{"rendered":"https:\/\/origenlatino.pl\/?post_type=product&#038;p=5072"},"modified":"2026-04-21T12:44:02","modified_gmt":"2026-04-21T10:44:02","slug":"platano-verde-1kg","status":"publish","type":"product","link":"https:\/\/origenlatino.pl\/pl\/produkt\/platano-verde-1kg\/","title":{"rendered":"Platano VERDE 1Kg"},"content":{"rendered":"<p><strong>Pl\u00e1tano Verde 1 kg<\/strong> es una opci\u00f3n muy apreciada en la cocina latinoamericana por su versatilidad y sabor suave cuando est\u00e1 a\u00fan verde. A continuaci\u00f3n, sus principales caracter\u00edsticas:<\/p>\n\n\n\n<ol class=\"wp-block-list\">\n<li><strong>Origen y caracter\u00edsticas<\/strong>\n<ul class=\"wp-block-list\">\n<li>Proviene de la misma familia del banano, pero se distingue por su mayor contenido de almid\u00f3n y una pulpa menos dulce al estar verde.<\/li>\n\n\n\n<li>Su piel es de color verde intenso y su pulpa tiene una firmeza ideal para recetas saladas.<\/li>\n<\/ul>\n<\/li>\n\n\n\n<li><strong>Usos en la cocina<\/strong>\n<ul class=\"wp-block-list\">\n<li>Ideal para <strong>patacones (tostones)<\/strong>, <strong>chips de pl\u00e1tano<\/strong> o <strong>sopas<\/strong>, ya que conserva su consistencia al fre\u00edrse o cocinarse.<\/li>\n\n\n\n<li>Se utiliza en guisos y estofados, agregando un toque consistente y agradable a los platos.<\/li>\n<\/ul>\n<\/li>\n\n\n\n<li><strong>Textura y sabor<\/strong>\n<ul class=\"wp-block-list\">\n<li>Al estar verde, el pl\u00e1tano es m\u00e1s <strong>firme<\/strong> y menos dulce, lo que permite cocciones variadas sin que se deshaga.<\/li>\n\n\n\n<li>Su sabor suave sirve de base para adobos, especias o salsas, adapt\u00e1ndose a m\u00faltiples preparaciones.<\/li>\n<\/ul>\n<\/li>\n\n\n\n<li><strong>Presentaci\u00f3n de 1 kg<\/strong>\n<ul class=\"wp-block-list\">\n<li>Contiene aproximadamente 3 a 5 pl\u00e1tanos (dependiendo del tama\u00f1o), suficiente para varias recetas o para una familia peque\u00f1a.<\/li>\n\n\n\n<li>Cada pieza se selecciona buscando la frescura y el grosor adecuado.<\/li>\n<\/ul>\n<\/li>\n\n\n\n<li><strong>Consejos de almacenamiento<\/strong>\n<ul class=\"wp-block-list\">\n<li>Conservar en un lugar fresco y seco, fuera de la refrigeradora para mantener su color verde el mayor tiempo posible.<\/li>\n\n\n\n<li>Si se desea acelerar su maduraci\u00f3n, puede guardarse en la cocina a temperatura ambiente, cerca de otras frutas que desprendan etileno (como manzanas o bananos maduros).<\/li>\n<\/ul>\n<\/li>\n<\/ol>\n\n\n\n<p>Con <strong>Pl\u00e1tano Verde 1 kg<\/strong>, podr\u00e1s disfrutar de una base culinaria vers\u00e1til y nutritiva, perfecta para elaborar platillos tradicionales o experimentar con nuevas recetas saladas.<\/p>","protected":false},"excerpt":{"rendered":"<p>Platano Pinton 1Kg<\/p>","protected":false},"featured_media":8230,"comment_status":"open","ping_status":"closed","template":"","meta":{"_acf_changed":false},"product_brand":[],"product_cat":[100],"product_tag":[89,90,95,91,92,208,93,94],"class_list":{"0":"post-5072","1":"product","2":"type-product","3":"status-publish","4":"has-post-thumbnail","6":"product_cat-frutas-y-verduras","7":"product_tag-argentina","8":"product_tag-bolivia","9":"product_tag-colombia","10":"product_tag-ecuador","11":"product_tag-mexico","12":"product_tag-paraguay","13":"product_tag-peru","14":"product_tag-venezuela","15":"product_shipping_class-perecederos","17":"first","18":"outofstock","19":"sale","20":"taxable","21":"shipping-taxable","22":"purchasable","23":"product-type-simple"},"acf":[],"aioseo_notices":[],"_links":{"self":[{"href":"https:\/\/origenlatino.pl\/pl\/wp-json\/wp\/v2\/product\/5072","targetHints":{"allow":["GET"]}}],"collection":[{"href":"https:\/\/origenlatino.pl\/pl\/wp-json\/wp\/v2\/product"}],"about":[{"href":"https:\/\/origenlatino.pl\/pl\/wp-json\/wp\/v2\/types\/product"}],"replies":[{"embeddable":true,"href":"https:\/\/origenlatino.pl\/pl\/wp-json\/wp\/v2\/comments?post=5072"}],"wp:featuredmedia":[{"embeddable":true,"href":"https:\/\/origenlatino.pl\/pl\/wp-json\/wp\/v2\/media\/8230"}],"wp:attachment":[{"href":"https:\/\/origenlatino.pl\/pl\/wp-json\/wp\/v2\/media?parent=5072"}],"wp:term":[{"taxonomy":"product_brand","embeddable":true,"href":"https:\/\/origenlatino.pl\/pl\/wp-json\/wp\/v2\/product_brand?post=5072"},{"taxonomy":"product_cat","embeddable":true,"href":"https:\/\/origenlatino.pl\/pl\/wp-json\/wp\/v2\/product_cat?post=5072"},{"taxonomy":"product_tag","embeddable":true,"href":"https:\/\/origenlatino.pl\/pl\/wp-json\/wp\/v2\/product_tag?post=5072"}],"curies":[{"name":"wp","href":"https:\/\/api.w.org\/{rel}","templated":true}]}}