{"id":7472,"date":"2025-07-08T18:39:23","date_gmt":"2025-07-08T16:39:23","guid":{"rendered":"https:\/\/origenlatino.pl\/?post_type=product&#038;p=7472"},"modified":"2026-03-24T19:52:44","modified_gmt":"2026-03-24T18:52:44","slug":"salsa-en-polvo-clasica-frasco-400gr-tajin","status":"publish","type":"product","link":"https:\/\/origenlatino.pl\/pl\/produkt\/salsa-en-polvo-clasica-frasco-400gr-tajin\/","title":{"rendered":"Salsa en Polvo Clasica Frasco 400gr TAJ\u00cdN\u00ae"},"content":{"rendered":"<p><strong>Salsa en Polvo Cl\u00e1sica Frasco 400 g TAJ\u00cdN<\/strong>\u00a0es un condimento en polvo de origen mexicano, conocido mundialmente por su distintivo balance entre sabores picantes, c\u00edtricos y salados. A continuaci\u00f3n, sus caracter\u00edsticas principales:<br \/><strong>Sabor ic\u00f3nico<\/strong> Combina chiles secos, lim\u00f3n y sal para ofrecer un toque picante moderado, con una nota \u00e1cida y ligeramente salada.<br \/>Su mezcla de especias realza el sabor natural de los alimentos, haci\u00e9ndolo inconfundible.<br \/><strong>Textura en polvo<\/strong> Al venir en forma de polvo, se adhiere f\u00e1cilmente a frutas, verduras, carnes y botanas, permitiendo un uso vers\u00e1til en la cocina.<br \/>Ideal para a\u00f1adir un toque de sabor intenso sin alterar demasiado la consistencia de los alimentos.<br \/><strong>Presentaci\u00f3n de 400g en frasco<\/strong> El envase con tapa dosificadora facilita espolvorear la cantidad deseada, evitando el desperdicio y manteniendo la frescura del producto.<br \/>Su tama\u00f1o lo hace pr\u00e1ctico para llevar a reuniones o parrilladas y compartir con amigos y familia.<br \/><strong>Uso vers\u00e1til en la cocina<\/strong> Perfecto para sazonar frutas (como mango, sand\u00eda o pi\u00f1a), verduras, carnes asadas, pescados o mariscos.<br \/>Tambi\u00e9n puede emplearse para realzar c\u00f3cteles y bebidas, por ejemplo, en la sal rim de una michelada o un jugo de tomate.<br \/><strong>Tradici\u00f3n y calidad de TAJ\u00cdN<\/strong> TAJ\u00cdN es una marca mexicana reconocida a nivel internacional por la elaboraci\u00f3n de productos de alta calidad, con ingredientes cuidadosamente seleccionados.<br \/>Su salsa en polvo cl\u00e1sica es un emblema de la gastronom\u00eda mexicana, apreciado por su equilibrio entre picante y c\u00edtrico.<br \/>Con\u00a0<strong>Salsa en Polvo Cl\u00e1sica Frasco 400g TAJ\u00cdN<\/strong>, podr\u00e1s dar un giro \u00fanico y aut\u00e9ntico a tus comidas y botanas, aportando el sabor picante-c\u00edtrico caracter\u00edstico que la ha convertido en un favorito en todo el mundo.<\/p>","protected":false},"excerpt":{"rendered":"<p>400 GR TAJIN<\/p>","protected":false},"featured_media":7473,"comment_status":"open","ping_status":"closed","template":"","meta":{"_acf_changed":false},"product_brand":[377],"product_cat":[96],"product_tag":[92],"class_list":{"0":"post-7472","1":"product","2":"type-product","3":"status-publish","4":"has-post-thumbnail","6":"product_brand-tajin","7":"product_cat-especias","8":"product_tag-mexico","9":"product_shipping_class-especias","11":"first","12":"instock","13":"taxable","14":"shipping-taxable","15":"purchasable","16":"product-type-simple"},"acf":[],"aioseo_notices":[],"_links":{"self":[{"href":"https:\/\/origenlatino.pl\/pl\/wp-json\/wp\/v2\/product\/7472","targetHints":{"allow":["GET"]}}],"collection":[{"href":"https:\/\/origenlatino.pl\/pl\/wp-json\/wp\/v2\/product"}],"about":[{"href":"https:\/\/origenlatino.pl\/pl\/wp-json\/wp\/v2\/types\/product"}],"replies":[{"embeddable":true,"href":"https:\/\/origenlatino.pl\/pl\/wp-json\/wp\/v2\/comments?post=7472"}],"wp:featuredmedia":[{"embeddable":true,"href":"https:\/\/origenlatino.pl\/pl\/wp-json\/wp\/v2\/media\/7473"}],"wp:attachment":[{"href":"https:\/\/origenlatino.pl\/pl\/wp-json\/wp\/v2\/media?parent=7472"}],"wp:term":[{"taxonomy":"product_brand","embeddable":true,"href":"https:\/\/origenlatino.pl\/pl\/wp-json\/wp\/v2\/product_brand?post=7472"},{"taxonomy":"product_cat","embeddable":true,"href":"https:\/\/origenlatino.pl\/pl\/wp-json\/wp\/v2\/product_cat?post=7472"},{"taxonomy":"product_tag","embeddable":true,"href":"https:\/\/origenlatino.pl\/pl\/wp-json\/wp\/v2\/product_tag?post=7472"}],"curies":[{"name":"wp","href":"https:\/\/api.w.org\/{rel}","templated":true}]}}