{"id":7782,"date":"2025-07-18T16:30:51","date_gmt":"2025-07-18T14:30:51","guid":{"rendered":"https:\/\/origenlatino.pl\/?post_type=product&#038;p=7782"},"modified":"2026-03-24T19:51:42","modified_gmt":"2026-03-24T18:51:42","slug":"colcafe-suave-clasico-85-g","status":"publish","type":"product","link":"https:\/\/origenlatino.pl\/pl\/produkt\/colcafe-suave-clasico-85-g\/","title":{"rendered":"Colcaf\u00e9 Suave Cl\u00e1sico 85 g"},"content":{"rendered":"<p><strong>Colcaf\u00e9 Suave Cl\u00e1sico 85 g<\/strong><\/p>\n\n\n\n<p><strong>Colcaf\u00e9 Suave Cl\u00e1sico 85 g<\/strong> es un caf\u00e9 instant\u00e1neo 100% colombiano con un sabor m\u00e1s delicado, dise\u00f1ado para quienes prefieren una taza de caf\u00e9 menos intensa, pero igual de arom\u00e1tica. Se disuelve f\u00e1cilmente en agua o leche, fr\u00edo o caliente.<\/p>\n\n\n\n<h4 class=\"wp-block-heading\">Caracter\u00edsticas principales:<\/h4>\n\n\n\n<ul class=\"wp-block-list\">\n<li>Caf\u00e9 instant\u00e1neo liofilizado de sabor suave.<\/li>\n\n\n\n<li>Elaborado con caf\u00e9 100% colombiano.<\/li>\n\n\n\n<li>Ideal para preparar bebidas calientes o fr\u00edas.<\/li>\n\n\n\n<li>Rinde hasta 50 tazas (aprox.).<\/li>\n<\/ul>\n\n\n\n<h4 class=\"wp-block-heading\">Ingredientes:<\/h4>\n\n\n\n<p>Caf\u00e9 soluble 100% natural.<\/p>\n\n\n\n<p><strong>Contenido neto:<\/strong> 85 g<\/p>","protected":false},"excerpt":{"rendered":"<p><strong>Colcaf\u00e9 Suave Cl\u00e1sico 85 g<\/strong> es un caf\u00e9 instant\u00e1neo 100% colombiano con un sabor m\u00e1s delicado, dise\u00f1ado para quienes prefieren una taza de caf\u00e9 menos intensa, pero igual de arom\u00e1tica. Se disuelve f\u00e1cilmente en agua o leche, fr\u00edo o caliente.<\/p>","protected":false},"featured_media":7783,"comment_status":"open","ping_status":"closed","template":"","meta":{"_acf_changed":false},"product_brand":[],"product_cat":[103],"product_tag":[95],"class_list":{"0":"post-7782","1":"product","2":"type-product","3":"status-publish","4":"has-post-thumbnail","6":"product_cat-cafes-tes-y-yerba-mate","7":"product_tag-colombia","9":"first","10":"outofstock","11":"taxable","12":"shipping-taxable","13":"purchasable","14":"product-type-simple"},"acf":[],"aioseo_notices":[],"_links":{"self":[{"href":"https:\/\/origenlatino.pl\/pl\/wp-json\/wp\/v2\/product\/7782","targetHints":{"allow":["GET"]}}],"collection":[{"href":"https:\/\/origenlatino.pl\/pl\/wp-json\/wp\/v2\/product"}],"about":[{"href":"https:\/\/origenlatino.pl\/pl\/wp-json\/wp\/v2\/types\/product"}],"replies":[{"embeddable":true,"href":"https:\/\/origenlatino.pl\/pl\/wp-json\/wp\/v2\/comments?post=7782"}],"wp:featuredmedia":[{"embeddable":true,"href":"https:\/\/origenlatino.pl\/pl\/wp-json\/wp\/v2\/media\/7783"}],"wp:attachment":[{"href":"https:\/\/origenlatino.pl\/pl\/wp-json\/wp\/v2\/media?parent=7782"}],"wp:term":[{"taxonomy":"product_brand","embeddable":true,"href":"https:\/\/origenlatino.pl\/pl\/wp-json\/wp\/v2\/product_brand?post=7782"},{"taxonomy":"product_cat","embeddable":true,"href":"https:\/\/origenlatino.pl\/pl\/wp-json\/wp\/v2\/product_cat?post=7782"},{"taxonomy":"product_tag","embeddable":true,"href":"https:\/\/origenlatino.pl\/pl\/wp-json\/wp\/v2\/product_tag?post=7782"}],"curies":[{"name":"wp","href":"https:\/\/api.w.org\/{rel}","templated":true}]}}