{"id":7892,"date":"2025-07-25T17:55:20","date_gmt":"2025-07-25T15:55:20","guid":{"rendered":"https:\/\/origenlatino.pl\/?post_type=product&#038;p=7892"},"modified":"2026-04-16T18:05:06","modified_gmt":"2026-04-16T16:05:06","slug":"sopas-de-mi-tierra-sancocho-maggi-60-g","status":"publish","type":"product","link":"https:\/\/origenlatino.pl\/pl\/produkt\/sopas-de-mi-tierra-sancocho-maggi-60-g\/","title":{"rendered":"Sopas de Mi Tierra Sancocho Maggi 60 g"},"content":{"rendered":"<p><strong>Sopas de Mi Tierra Sancocho Maggi 60 g<\/strong><br \/><strong>Sopa de Mi Tierra Sancocho Maggi 60 g<\/strong> es una mezcla deshidratada que rinde una sopa al estilo casero, inspirada en la receta tradicional del sancocho latinoamericano. Rica en sabor y f\u00e1cil de preparar, es ideal para disfrutar en minutos de un plato reconfortante.<br \/>Caracter\u00edsticas principales:<br \/>Sabor tradicional con ingredientes como yuca, pl\u00e1tano, ma\u00edz, ajo y cebolla.<br \/>Preparaci\u00f3n r\u00e1pida: solo agrega agua y cocina.<br \/>Ideal como entrada o plato ligero.<br \/>Ingredientes principales:<br \/>Harina de ma\u00edz, almid\u00f3n modificado, sal, papa deshidratada, saborizantes naturales y artificiales, grasa vegetal, especias (ajo, cebolla, c\u00farcuma), yuca, pl\u00e1tano verde, ma\u00edz.<br \/>Informaci\u00f3n nutricional (por porci\u00f3n de 20 g \u2013 3 porciones por sobre):<br \/>Calor\u00edas: 70 kcal<br \/>Grasas: 2.5 g<br \/>Sodio: 580 mg<br \/>Carbohidratos: 11 g<br \/>Az\u00facares: 1 g<br \/>Prote\u00ednas: 1 g<br \/><strong>Contenido neto:<\/strong> 60 g<br \/><strong>Rinde:<\/strong> Aprox. 3 platos<\/p>","protected":false},"excerpt":{"rendered":"<p><strong>Sopa de Mi Tierra Sancocho Maggi 60 g<\/strong> es una mezcla deshidratada que rinde una sopa al estilo casero, inspirada en la receta tradicional del sancocho latinoamericano. Rica en sabor y f\u00e1cil de preparar, es ideal para disfrutar en minutos de un plato reconfortante.<\/p>","protected":false},"featured_media":7893,"comment_status":"open","ping_status":"closed","template":"","meta":{"_acf_changed":false},"product_brand":[406],"product_cat":[96,102],"product_tag":[95,92],"class_list":{"0":"post-7892","1":"product","2":"type-product","3":"status-publish","4":"has-post-thumbnail","6":"product_brand-flips","7":"product_cat-especias","8":"product_cat-harinas-y-cereales","9":"product_tag-colombia","10":"product_tag-mexico","11":"product_shipping_class-especias","13":"first","14":"instock","15":"sale","16":"taxable","17":"shipping-taxable","18":"purchasable","19":"product-type-simple"},"acf":[],"aioseo_notices":[],"_links":{"self":[{"href":"https:\/\/origenlatino.pl\/pl\/wp-json\/wp\/v2\/product\/7892","targetHints":{"allow":["GET"]}}],"collection":[{"href":"https:\/\/origenlatino.pl\/pl\/wp-json\/wp\/v2\/product"}],"about":[{"href":"https:\/\/origenlatino.pl\/pl\/wp-json\/wp\/v2\/types\/product"}],"replies":[{"embeddable":true,"href":"https:\/\/origenlatino.pl\/pl\/wp-json\/wp\/v2\/comments?post=7892"}],"wp:featuredmedia":[{"embeddable":true,"href":"https:\/\/origenlatino.pl\/pl\/wp-json\/wp\/v2\/media\/7893"}],"wp:attachment":[{"href":"https:\/\/origenlatino.pl\/pl\/wp-json\/wp\/v2\/media?parent=7892"}],"wp:term":[{"taxonomy":"product_brand","embeddable":true,"href":"https:\/\/origenlatino.pl\/pl\/wp-json\/wp\/v2\/product_brand?post=7892"},{"taxonomy":"product_cat","embeddable":true,"href":"https:\/\/origenlatino.pl\/pl\/wp-json\/wp\/v2\/product_cat?post=7892"},{"taxonomy":"product_tag","embeddable":true,"href":"https:\/\/origenlatino.pl\/pl\/wp-json\/wp\/v2\/product_tag?post=7892"}],"curies":[{"name":"wp","href":"https:\/\/api.w.org\/{rel}","templated":true}]}}