{"id":7895,"date":"2025-07-25T18:08:06","date_gmt":"2025-07-25T16:08:06","guid":{"rendered":"https:\/\/origenlatino.pl\/?post_type=product&#038;p=7895"},"modified":"2026-03-24T19:52:50","modified_gmt":"2026-03-24T18:52:50","slug":"sopas-de-mi-tierra-choclo-maggi-60-g","status":"publish","type":"product","link":"https:\/\/origenlatino.pl\/pl\/produkt\/sopas-de-mi-tierra-choclo-maggi-60-g\/","title":{"rendered":"Sopas de Mi Tierra Choclo Maggi 60 g"},"content":{"rendered":"<p><strong>Sopas de Mi Tierra Choclo Maggi 60 g<\/strong><br \/><strong>Sopa de Mi Tierra Choclo Maggi 60 g<\/strong> es una deliciosa sopa instant\u00e1nea con sabor a choclo (ma\u00edz tierno), ideal para quienes buscan un toque de cocina tradicional en poco tiempo.<br \/>Caracter\u00edsticas principales:<br \/>Sabor suave y cremoso a ma\u00edz tierno.<br \/>Elaboraci\u00f3n f\u00e1cil y pr\u00e1ctica.<br \/>Ideal para d\u00edas fr\u00edos o comidas ligeras.<br \/>Ingredientes principales:<br \/>Harina de ma\u00edz, almid\u00f3n, choclo deshidratado, grasa vegetal, sal, az\u00facar, leche en polvo, cebolla, ajo, especias, saborizantes.<br \/>Informaci\u00f3n nutricional (por porci\u00f3n de 20 g \u2013 3 porciones por sobre):<br \/>Calor\u00edas: 75 kcal<br \/>Grasas: 2 g<br \/>Sodio: 600 mg<br \/>Carbohidratos: 12 g<br \/>Az\u00facares: 2 g<br \/>Prote\u00ednas: 1.2 g<br \/><strong>Contenido neto:<\/strong> 60 g<br \/><strong>Rinde:<\/strong> Aprox. 6 porciones por envase<\/p>","protected":false},"excerpt":{"rendered":"<p><strong>Sopa de Mi Tierra Choclo Maggi 60 g<\/strong> es una deliciosa sopa instant\u00e1nea con sabor a choclo (ma\u00edz tierno), ideal para quienes buscan un toque de cocina tradicional en poco tiempo.<\/p>","protected":false},"featured_media":7896,"comment_status":"open","ping_status":"closed","template":"","meta":{"_acf_changed":false},"product_brand":[406],"product_cat":[96,102],"product_tag":[95,92],"class_list":{"0":"post-7895","1":"product","2":"type-product","3":"status-publish","4":"has-post-thumbnail","6":"product_brand-flips","7":"product_cat-especias","8":"product_cat-harinas-y-cereales","9":"product_tag-colombia","10":"product_tag-mexico","11":"product_shipping_class-especias","13":"first","14":"instock","15":"sale","16":"taxable","17":"shipping-taxable","18":"purchasable","19":"product-type-simple"},"acf":[],"aioseo_notices":[],"_links":{"self":[{"href":"https:\/\/origenlatino.pl\/pl\/wp-json\/wp\/v2\/product\/7895","targetHints":{"allow":["GET"]}}],"collection":[{"href":"https:\/\/origenlatino.pl\/pl\/wp-json\/wp\/v2\/product"}],"about":[{"href":"https:\/\/origenlatino.pl\/pl\/wp-json\/wp\/v2\/types\/product"}],"replies":[{"embeddable":true,"href":"https:\/\/origenlatino.pl\/pl\/wp-json\/wp\/v2\/comments?post=7895"}],"wp:featuredmedia":[{"embeddable":true,"href":"https:\/\/origenlatino.pl\/pl\/wp-json\/wp\/v2\/media\/7896"}],"wp:attachment":[{"href":"https:\/\/origenlatino.pl\/pl\/wp-json\/wp\/v2\/media?parent=7895"}],"wp:term":[{"taxonomy":"product_brand","embeddable":true,"href":"https:\/\/origenlatino.pl\/pl\/wp-json\/wp\/v2\/product_brand?post=7895"},{"taxonomy":"product_cat","embeddable":true,"href":"https:\/\/origenlatino.pl\/pl\/wp-json\/wp\/v2\/product_cat?post=7895"},{"taxonomy":"product_tag","embeddable":true,"href":"https:\/\/origenlatino.pl\/pl\/wp-json\/wp\/v2\/product_tag?post=7895"}],"curies":[{"name":"wp","href":"https:\/\/api.w.org\/{rel}","templated":true}]}}