{"id":8042,"date":"2025-07-31T17:57:09","date_gmt":"2025-07-31T15:57:09","guid":{"rendered":"https:\/\/origenlatino.pl\/?post_type=product&#038;p=8042"},"modified":"2026-03-24T19:52:50","modified_gmt":"2026-03-24T18:52:50","slug":"skala-crema-de-cabello-mais-cachos-1000-g","status":"publish","type":"product","link":"https:\/\/origenlatino.pl\/pl\/produkt\/skala-crema-de-cabello-mais-cachos-1000-g\/","title":{"rendered":"Skala Crema de Cabello Mais Cachos 1000 g"},"content":{"rendered":"<p><strong>Skala Crema de Cabello Mais Cachos 1000 g<\/strong><\/p>\n\n\n\n<p>La l\u00ednea Mais Cachos de Skala fue desarrollada especialmente para cabellos rizados y ondulados, ayudando a definir los rizos y mantener la hidrataci\u00f3n.<\/p>\n\n\n\n<p><strong>Caracter\u00edsticas:<\/strong><\/p>\n\n\n\n<ul class=\"wp-block-list\">\n<li>F\u00f3rmula rica en \u00f3leos vegetales y col\u00e1geno vegetal.<\/li>\n\n\n\n<li>Aumenta la definici\u00f3n, reduce el frizz y aporta elasticidad.<\/li>\n\n\n\n<li>No contiene sulfatos, siliconas ni parabenos.<\/li>\n<\/ul>\n\n\n\n<p><strong>Usos:<\/strong><\/p>\n\n\n\n<p>Ideal como crema de peinar, co-wash o tratamiento. Puede dejarse sin enjuagar para mayor definici\u00f3n.<\/p>\n\n\n\n<p><strong>Contenido Total:<\/strong> 1000 g<\/p>","protected":false},"excerpt":{"rendered":"<p>La l\u00ednea Mais Cachos de Skala fue desarrollada especialmente para cabellos rizados y ondulados, ayudando a definir los rizos y mantener la hidrataci\u00f3n.<\/p>","protected":false},"featured_media":8043,"comment_status":"open","ping_status":"closed","template":"","meta":{"_acf_changed":false},"product_brand":[338],"product_cat":[108],"product_tag":[89,90,95,91,253,92,208,93,259,94],"class_list":{"0":"post-8042","1":"product","2":"type-product","3":"status-publish","4":"has-post-thumbnail","6":"product_brand-skala","7":"product_cat-cosmeticos","8":"product_tag-argentina","9":"product_tag-bolivia","10":"product_tag-colombia","11":"product_tag-ecuador","12":"product_tag-el-salvador","13":"product_tag-mexico","14":"product_tag-paraguay","15":"product_tag-peru","16":"product_tag-rep-dominicana","17":"product_tag-venezuela","19":"first","20":"outofstock","21":"taxable","22":"shipping-taxable","23":"purchasable","24":"product-type-simple"},"acf":[],"aioseo_notices":[],"_links":{"self":[{"href":"https:\/\/origenlatino.pl\/pl\/wp-json\/wp\/v2\/product\/8042","targetHints":{"allow":["GET"]}}],"collection":[{"href":"https:\/\/origenlatino.pl\/pl\/wp-json\/wp\/v2\/product"}],"about":[{"href":"https:\/\/origenlatino.pl\/pl\/wp-json\/wp\/v2\/types\/product"}],"replies":[{"embeddable":true,"href":"https:\/\/origenlatino.pl\/pl\/wp-json\/wp\/v2\/comments?post=8042"}],"wp:featuredmedia":[{"embeddable":true,"href":"https:\/\/origenlatino.pl\/pl\/wp-json\/wp\/v2\/media\/8043"}],"wp:attachment":[{"href":"https:\/\/origenlatino.pl\/pl\/wp-json\/wp\/v2\/media?parent=8042"}],"wp:term":[{"taxonomy":"product_brand","embeddable":true,"href":"https:\/\/origenlatino.pl\/pl\/wp-json\/wp\/v2\/product_brand?post=8042"},{"taxonomy":"product_cat","embeddable":true,"href":"https:\/\/origenlatino.pl\/pl\/wp-json\/wp\/v2\/product_cat?post=8042"},{"taxonomy":"product_tag","embeddable":true,"href":"https:\/\/origenlatino.pl\/pl\/wp-json\/wp\/v2\/product_tag?post=8042"}],"curies":[{"name":"wp","href":"https:\/\/api.w.org\/{rel}","templated":true}]}}