{"id":8107,"date":"2025-08-04T19:22:16","date_gmt":"2025-08-04T17:22:16","guid":{"rendered":"https:\/\/origenlatino.pl\/?post_type=product&#038;p=8107"},"modified":"2026-03-24T19:51:44","modified_gmt":"2026-03-24T18:51:44","slug":"colonia-destrancadera-spencer-lennox-250-ml","status":"publish","type":"product","link":"https:\/\/origenlatino.pl\/pl\/produkt\/colonia-destrancadera-spencer-lennox-250-ml\/","title":{"rendered":"Colonia Destrancadera \u2013 Spencer &amp; Lennox \u2013 250 ml"},"content":{"rendered":"<p><strong>Colonia Destrancadera \u2013 Spencer &amp; Lennox \u2013 250 ml<\/strong><br>La colonia <strong>Destrancadera<\/strong> es una f\u00f3rmula popularmente usada para abrir caminos, eliminar obst\u00e1culos y atraer oportunidades.<\/p>\n\n\n\n<p><strong>Caracter\u00edsticas:<\/strong><\/p>\n\n\n\n<ul class=\"wp-block-list\">\n<li>Fragancia herbal y estimulante.<\/li>\n\n\n\n<li>Usada en rituales de apertura y desbloqueo energ\u00e9tico.<\/li>\n\n\n\n<li>Ideal para limpiezas personales o del hogar.<\/li>\n<\/ul>\n\n\n\n<p><strong>Usos:<\/strong><\/p>\n\n\n\n<p>Apl\u00edquese sobre el cuerpo o util\u00edcese en ba\u00f1os espirituales, velas o sahumerios.<\/p>\n\n\n\n<p><strong>Contenido Total:<\/strong> 250 ml<\/p>","protected":false},"excerpt":{"rendered":"<p>La colonia <strong>Destrancadera<\/strong> es una f\u00f3rmula popularmente usada para abrir caminos, eliminar obst\u00e1culos y atraer oportunidades.<\/p>","protected":false},"featured_media":8108,"comment_status":"open","ping_status":"closed","template":"","meta":{"_acf_changed":false},"product_brand":[341],"product_cat":[105],"product_tag":[89,90,95,91,253,92,208],"class_list":{"0":"post-8107","1":"product","2":"type-product","3":"status-publish","4":"has-post-thumbnail","6":"product_brand-spencer-lennox","7":"product_cat-esotericos","8":"product_tag-argentina","9":"product_tag-bolivia","10":"product_tag-colombia","11":"product_tag-ecuador","12":"product_tag-el-salvador","13":"product_tag-mexico","14":"product_tag-paraguay","16":"first","17":"outofstock","18":"taxable","19":"shipping-taxable","20":"purchasable","21":"product-type-simple"},"acf":[],"aioseo_notices":[],"_links":{"self":[{"href":"https:\/\/origenlatino.pl\/pl\/wp-json\/wp\/v2\/product\/8107","targetHints":{"allow":["GET"]}}],"collection":[{"href":"https:\/\/origenlatino.pl\/pl\/wp-json\/wp\/v2\/product"}],"about":[{"href":"https:\/\/origenlatino.pl\/pl\/wp-json\/wp\/v2\/types\/product"}],"replies":[{"embeddable":true,"href":"https:\/\/origenlatino.pl\/pl\/wp-json\/wp\/v2\/comments?post=8107"}],"wp:featuredmedia":[{"embeddable":true,"href":"https:\/\/origenlatino.pl\/pl\/wp-json\/wp\/v2\/media\/8108"}],"wp:attachment":[{"href":"https:\/\/origenlatino.pl\/pl\/wp-json\/wp\/v2\/media?parent=8107"}],"wp:term":[{"taxonomy":"product_brand","embeddable":true,"href":"https:\/\/origenlatino.pl\/pl\/wp-json\/wp\/v2\/product_brand?post=8107"},{"taxonomy":"product_cat","embeddable":true,"href":"https:\/\/origenlatino.pl\/pl\/wp-json\/wp\/v2\/product_cat?post=8107"},{"taxonomy":"product_tag","embeddable":true,"href":"https:\/\/origenlatino.pl\/pl\/wp-json\/wp\/v2\/product_tag?post=8107"}],"curies":[{"name":"wp","href":"https:\/\/api.w.org\/{rel}","templated":true}]}}