{"id":8765,"date":"2025-09-03T19:16:55","date_gmt":"2025-09-03T17:16:55","guid":{"rendered":"https:\/\/origenlatino.pl\/?post_type=product&#038;p=8765"},"modified":"2026-04-07T12:53:59","modified_gmt":"2026-04-07T10:53:59","slug":"tortilla-maiz-amarillo-15cm-500g-tortilleria-europa","status":"publish","type":"product","link":"https:\/\/origenlatino.pl\/pl\/produkt\/tortilla-maiz-amarillo-15cm-500g-tortilleria-europa\/","title":{"rendered":"Tortilla Maiz Amarillo 15cm\/500g Tortilleria Europa"},"content":{"rendered":"<p><strong>Tortilla De Ma\u00edz Original 15cm\/500g<\/strong><\/p>\n<p>La tortilla de ma\u00edz es un plato mexicano popular elaborado con harina de ma\u00edz. Se trata de panqueques finos que se pueden utilizar para preparar diversos platos, como tacos o quesadillas. Tienen un sabor delicado y son una alternativa a las tradicionales tortillas de harina de trigo. Se pueden servir como ingrediente en un platillo o como complemento de varios platillos mexicanos.<br \/><img loading=\"lazy\" decoding=\"async\" width=\"60\" height=\"60\" src=\"https:\/\/ibernia.pl\/img\/cms\/Tortilleria%20Europa.jpg\" alt=\"\">\u00a0 \u00a0\u00a0<\/p>\n<p><strong>Ingredientes:<\/strong>\u00a0harina de ma\u00edz, sal, hidr\u00f3xido de calcio apto para uso alimentario para nixtamalizaci\u00f3n.<br \/><strong>Valores nutricionales \/ 100g: Grasa:<\/strong>\u00a00,30 g Grasa saturada: 0,30 g Az\u00facar: 0 g Prote\u00ednas: 6 g Fibra: 2,67 g Calor\u00edas: 222 Carbohidratos: 47 g Sodio: 11 mg<br \/><strong>Peso:<\/strong>\u00a0500g (18 unidades)<\/p>","protected":false},"excerpt":{"rendered":"<p><strong>Tortilla De Ma\u00edz Original 15cm\/500g<\/strong><\/p>\n<p>La tortilla de ma\u00edz es un plato mexicano popular elaborado con harina de ma\u00edz. Se trata de panqueques finos que se pueden utilizar para preparar diversos platos, como tacos o quesadillas. Tienen un sabor delicado y son una alternativa a las tradicionales tortillas de harina de trigo. Se pueden servir como ingrediente en un platillo o como complemento de varios platillos mexicanos.<\/p>","protected":false},"featured_media":8771,"comment_status":"open","ping_status":"closed","template":"","meta":{"_acf_changed":false},"product_brand":[],"product_cat":[101,102],"product_tag":[90,92],"class_list":{"0":"post-8765","1":"product","2":"type-product","3":"status-publish","4":"has-post-thumbnail","6":"product_cat-granos-y-pastas","7":"product_cat-harinas-y-cereales","8":"product_tag-bolivia","9":"product_tag-mexico","10":"product_shipping_class-promocion-15-de-septiembre","12":"first","13":"outofstock","14":"featured","15":"taxable","16":"shipping-taxable","17":"purchasable","18":"product-type-simple"},"acf":[],"aioseo_notices":[],"_links":{"self":[{"href":"https:\/\/origenlatino.pl\/pl\/wp-json\/wp\/v2\/product\/8765","targetHints":{"allow":["GET"]}}],"collection":[{"href":"https:\/\/origenlatino.pl\/pl\/wp-json\/wp\/v2\/product"}],"about":[{"href":"https:\/\/origenlatino.pl\/pl\/wp-json\/wp\/v2\/types\/product"}],"replies":[{"embeddable":true,"href":"https:\/\/origenlatino.pl\/pl\/wp-json\/wp\/v2\/comments?post=8765"}],"wp:featuredmedia":[{"embeddable":true,"href":"https:\/\/origenlatino.pl\/pl\/wp-json\/wp\/v2\/media\/8771"}],"wp:attachment":[{"href":"https:\/\/origenlatino.pl\/pl\/wp-json\/wp\/v2\/media?parent=8765"}],"wp:term":[{"taxonomy":"product_brand","embeddable":true,"href":"https:\/\/origenlatino.pl\/pl\/wp-json\/wp\/v2\/product_brand?post=8765"},{"taxonomy":"product_cat","embeddable":true,"href":"https:\/\/origenlatino.pl\/pl\/wp-json\/wp\/v2\/product_cat?post=8765"},{"taxonomy":"product_tag","embeddable":true,"href":"https:\/\/origenlatino.pl\/pl\/wp-json\/wp\/v2\/product_tag?post=8765"}],"curies":[{"name":"wp","href":"https:\/\/api.w.org\/{rel}","templated":true}]}}