{"id":8859,"date":"2025-09-09T12:30:41","date_gmt":"2025-09-09T10:30:41","guid":{"rendered":"https:\/\/origenlatino.pl\/?post_type=product&#038;p=8859"},"modified":"2026-03-24T19:51:37","modified_gmt":"2026-03-24T18:51:37","slug":"chocolatera-coexito-2l","status":"publish","type":"product","link":"https:\/\/origenlatino.pl\/pl\/produkt\/chocolatera-coexito-2l\/","title":{"rendered":"CHOCOLATERA COEXITO 2L"},"content":{"rendered":"","protected":false},"excerpt":{"rendered":"<p>Una chocolatera es un artefacto tradicional colombiano similar a una cafetera cil\u00edndrica o ligeramente c\u00f3nica, utilizada espec\u00edficamente para preparar chocolate caliente. Cuenta con una tapa con un orificio por el que se inserta un molinillo para mezclar la mezcla de chocolate de forma circular, asegurando una textura rica y espumosa.<\/p>","protected":false},"featured_media":8860,"comment_status":"open","ping_status":"closed","template":"","meta":{"_acf_changed":false},"product_brand":[],"product_cat":[107],"product_tag":[95],"class_list":{"0":"post-8859","1":"product","2":"type-product","3":"status-publish","4":"has-post-thumbnail","6":"product_cat-utensilios-de-cocina","7":"product_tag-colombia","9":"first","10":"instock","11":"taxable","12":"shipping-taxable","13":"purchasable","14":"product-type-simple"},"acf":[],"aioseo_notices":[],"_links":{"self":[{"href":"https:\/\/origenlatino.pl\/pl\/wp-json\/wp\/v2\/product\/8859","targetHints":{"allow":["GET"]}}],"collection":[{"href":"https:\/\/origenlatino.pl\/pl\/wp-json\/wp\/v2\/product"}],"about":[{"href":"https:\/\/origenlatino.pl\/pl\/wp-json\/wp\/v2\/types\/product"}],"replies":[{"embeddable":true,"href":"https:\/\/origenlatino.pl\/pl\/wp-json\/wp\/v2\/comments?post=8859"}],"wp:featuredmedia":[{"embeddable":true,"href":"https:\/\/origenlatino.pl\/pl\/wp-json\/wp\/v2\/media\/8860"}],"wp:attachment":[{"href":"https:\/\/origenlatino.pl\/pl\/wp-json\/wp\/v2\/media?parent=8859"}],"wp:term":[{"taxonomy":"product_brand","embeddable":true,"href":"https:\/\/origenlatino.pl\/pl\/wp-json\/wp\/v2\/product_brand?post=8859"},{"taxonomy":"product_cat","embeddable":true,"href":"https:\/\/origenlatino.pl\/pl\/wp-json\/wp\/v2\/product_cat?post=8859"},{"taxonomy":"product_tag","embeddable":true,"href":"https:\/\/origenlatino.pl\/pl\/wp-json\/wp\/v2\/product_tag?post=8859"}],"curies":[{"name":"wp","href":"https:\/\/api.w.org\/{rel}","templated":true}]}}