{"id":8863,"date":"2025-09-09T12:38:25","date_gmt":"2025-09-09T10:38:25","guid":{"rendered":"https:\/\/origenlatino.pl\/?post_type=product&#038;p=8863"},"modified":"2026-03-24T19:52:44","modified_gmt":"2026-03-24T18:52:44","slug":"salsa-guacamole-chile-serrano-355g-clemente-jacques","status":"publish","type":"product","link":"https:\/\/origenlatino.pl\/pl\/produkt\/salsa-guacamole-chile-serrano-355g-clemente-jacques\/","title":{"rendered":"SALSA GUACAMOLE CHILE SERRANO 355G CLEMENTE JACQUES"},"content":{"rendered":"<p>Beneficios para la salud y el sabor<\/p>\n\n\n\n<p>El guacamole hecho con aguacate y enriquecido con chiles serranos no solo es una deliciosa adici\u00f3n a tus comidas, sino tambi\u00e9n una fuente inagotable de nutrientes. El aguacate aporta grasas saludables que favorecen la salud cardiovascular y reducen el colesterol, adem\u00e1s de fibra que facilita la digesti\u00f3n. La adici\u00f3n de chiles serranos aporta un toque ligeramente picante y aporta vitamina C y minerales como el potasio. El guacamole con chile serrano logra el equilibrio perfecto entre una textura cremosa y un toque sutil que le da un toque especial a cualquier plato.Lugar en la historia y la cultura mexicana<em>El<\/em>\u00a0aguacate\u00a0es parte esencial de la cultura culinaria mexicana, simbolizando la abundancia y el bienestar. El chile serrano, con su sabor intenso y picante, es un ingrediente b\u00e1sico en muchos platillos tradicionales, reflejando la riqueza y la pasi\u00f3n de la cocina mexicana.<\/p>\n\n\n\n<p>Usos culinariosNuestra\u00a0salsa guacamole serrano\u00a0combina a la perfecci\u00f3n con una variedad de platillos mexicanos. <\/p>\n\n\n\n<p>Aqu\u00ed tienes algunas ideas:<\/p>\n\n\n\n<p>-&gt;Fajitas\u00a0: Agregue una cucharada de Salsa Guacamole Serrano a las fajitas de carne o pollo para darle un toque extra y un sabor refrescante que realce la carne.<\/p>\n\n\n\n<p>-&gt;Tacos de Pollo\u00a0: Utilice la salsa como aderezo para los tacos de pollo para enriquecer su sabor y agregar una nota picante de serrano.<\/p>\n\n\n\n<p>-&gt;Picadillo Tacos: Ideal for picadillo tacos, the salsa adds bold flavor and aroma.<\/p>\n\n\n\n<p>-&gt;Wraps\u00a0: Crea sabrosos wraps mexicanos donde la Salsa Guacamole Serrano se convierte en la pieza central, uniendo todos los ingredientes en un plato delicioso y cohesivo.<\/p>\n\n\n\n<p>Descubre el aut\u00e9ntico sabor de M\u00e9xico con nuestra\u00a0Salsa Guacamole Serrano Clemente Jacques\u00a0, \u00a1y disfruta de platillos mexicanos excepcionales en la comodidad de tu hogar!<\/p>","protected":false},"excerpt":{"rendered":"<p><strong>La Salsa Guacamole Serrano<\/strong>\u00a0de Clemente Jacques es una salsa de aguacate \u00fanica que combina la cremosidad del aguacate con el intenso sabor de los chiles serranos, realzado por los aromas de tomate, cilantro, ajo y otras especias. Se presenta en un frasco de vidrio de 355 g, lo que garantiza la frescura y el aut\u00e9ntico sabor del guacamole mexicano.<\/p>\n<p><strong><strong>-&gt;Fuente de fibra<br \/>-&gt;Rico en vitaminas B, E y K<br \/>-&gt;Grasas monoinsaturadas saludables que ayudan a reducir el colesterol malo<\/p>\n<p><\/strong><\/strong><\/p>","protected":false},"featured_media":8864,"comment_status":"open","ping_status":"closed","template":"","meta":{"_acf_changed":false},"product_brand":[346],"product_cat":[98,96],"product_tag":[95,92],"class_list":{"0":"post-8863","1":"product","2":"type-product","3":"status-publish","4":"has-post-thumbnail","6":"product_brand-la-costena","7":"product_cat-conservas","8":"product_cat-especias","9":"product_tag-colombia","10":"product_tag-mexico","11":"product_shipping_class-especias","13":"first","14":"outofstock","15":"taxable","16":"shipping-taxable","17":"purchasable","18":"product-type-simple"},"acf":[],"aioseo_notices":[],"_links":{"self":[{"href":"https:\/\/origenlatino.pl\/pl\/wp-json\/wp\/v2\/product\/8863","targetHints":{"allow":["GET"]}}],"collection":[{"href":"https:\/\/origenlatino.pl\/pl\/wp-json\/wp\/v2\/product"}],"about":[{"href":"https:\/\/origenlatino.pl\/pl\/wp-json\/wp\/v2\/types\/product"}],"replies":[{"embeddable":true,"href":"https:\/\/origenlatino.pl\/pl\/wp-json\/wp\/v2\/comments?post=8863"}],"wp:featuredmedia":[{"embeddable":true,"href":"https:\/\/origenlatino.pl\/pl\/wp-json\/wp\/v2\/media\/8864"}],"wp:attachment":[{"href":"https:\/\/origenlatino.pl\/pl\/wp-json\/wp\/v2\/media?parent=8863"}],"wp:term":[{"taxonomy":"product_brand","embeddable":true,"href":"https:\/\/origenlatino.pl\/pl\/wp-json\/wp\/v2\/product_brand?post=8863"},{"taxonomy":"product_cat","embeddable":true,"href":"https:\/\/origenlatino.pl\/pl\/wp-json\/wp\/v2\/product_cat?post=8863"},{"taxonomy":"product_tag","embeddable":true,"href":"https:\/\/origenlatino.pl\/pl\/wp-json\/wp\/v2\/product_tag?post=8863"}],"curies":[{"name":"wp","href":"https:\/\/api.w.org\/{rel}","templated":true}]}}