{"id":9009,"date":"2025-09-11T19:19:07","date_gmt":"2025-09-11T17:19:07","guid":{"rendered":"https:\/\/origenlatino.pl\/?post_type=product&#038;p=9009"},"modified":"2026-03-27T16:38:52","modified_gmt":"2026-03-27T15:38:52","slug":"jarritos-refresco-sabor-pina-370-ml","status":"publish","type":"product","link":"https:\/\/origenlatino.pl\/pl\/produkt\/jarritos-refresco-sabor-pina-370-ml\/","title":{"rendered":"Jarritos Refresco Sabor Pi\u00f1a 370 ml"},"content":{"rendered":"<p><strong>Caracter\u00edsticas principales:<\/strong><br \/>Bebida carbonatada con sabor natural a pi\u00f1a.<br \/>Endulzado con jarabe de ma\u00edz y az\u00facar.<br \/>Producto importado de M\u00e9xico.<br \/><strong>Ingredientes:<\/strong><br \/>Agua carbonatada, az\u00facar, concentrado de pi\u00f1a, \u00e1cido c\u00edtrico, conservadores, colorantes y saborizantes naturales y artificiales.<br \/><strong>Informaci\u00f3n nutricional (por botella de 370 ml):<\/strong><br \/>Calor\u00edas: 150 kcal<br \/>Az\u00facares: 37 g<br \/>Sodio: 35 mg<br \/>Carbohidratos totales: 39 g<br \/><strong>Contenido neto:<\/strong> 370 ml<br \/><strong>Presentaci\u00f3n:<\/strong> Botella de vidrio<\/p>","protected":false},"excerpt":{"rendered":"<p>Jarritos Pi\u00f1a 370 ml es un refresco tradicional mexicano con un sabor dulce y tropical a pi\u00f1a madura. Refrescante y perfecto para acompa\u00f1ar cualquier comida o disfrutar en un d\u00eda caluroso.<\/p>","protected":false},"featured_media":9010,"comment_status":"open","ping_status":"closed","template":"","meta":{"_acf_changed":false},"product_brand":[335],"product_cat":[15],"product_tag":[92],"class_list":{"0":"post-9009","1":"product","2":"type-product","3":"status-publish","4":"has-post-thumbnail","6":"product_brand-jarritos","7":"product_cat-bebidas","8":"product_tag-mexico","9":"product_shipping_class-promocion-15-de-septiembre","11":"first","12":"outofstock","13":"taxable","14":"shipping-taxable","15":"purchasable","16":"product-type-simple"},"acf":[],"aioseo_notices":[],"_links":{"self":[{"href":"https:\/\/origenlatino.pl\/pl\/wp-json\/wp\/v2\/product\/9009","targetHints":{"allow":["GET"]}}],"collection":[{"href":"https:\/\/origenlatino.pl\/pl\/wp-json\/wp\/v2\/product"}],"about":[{"href":"https:\/\/origenlatino.pl\/pl\/wp-json\/wp\/v2\/types\/product"}],"replies":[{"embeddable":true,"href":"https:\/\/origenlatino.pl\/pl\/wp-json\/wp\/v2\/comments?post=9009"}],"wp:featuredmedia":[{"embeddable":true,"href":"https:\/\/origenlatino.pl\/pl\/wp-json\/wp\/v2\/media\/9010"}],"wp:attachment":[{"href":"https:\/\/origenlatino.pl\/pl\/wp-json\/wp\/v2\/media?parent=9009"}],"wp:term":[{"taxonomy":"product_brand","embeddable":true,"href":"https:\/\/origenlatino.pl\/pl\/wp-json\/wp\/v2\/product_brand?post=9009"},{"taxonomy":"product_cat","embeddable":true,"href":"https:\/\/origenlatino.pl\/pl\/wp-json\/wp\/v2\/product_cat?post=9009"},{"taxonomy":"product_tag","embeddable":true,"href":"https:\/\/origenlatino.pl\/pl\/wp-json\/wp\/v2\/product_tag?post=9009"}],"curies":[{"name":"wp","href":"https:\/\/api.w.org\/{rel}","templated":true}]}}