{"id":9012,"date":"2025-09-11T19:21:56","date_gmt":"2025-09-11T17:21:56","guid":{"rendered":"https:\/\/origenlatino.pl\/?post_type=product&#038;p=9012"},"modified":"2026-03-27T16:38:52","modified_gmt":"2026-03-27T15:38:52","slug":"jarritos-refresco-sabor-toronja-370-ml","status":"publish","type":"product","link":"https:\/\/origenlatino.pl\/pl\/produkt\/jarritos-refresco-sabor-toronja-370-ml\/","title":{"rendered":"Jarritos Refresco Sabor Fresa 370 ml"},"content":{"rendered":"<p><strong>Caracter\u00edsticas principales:<\/strong><\/p>\n\n\n\n<ul class=\"wp-block-list\">\n<li>Bebida carbonatada con sabor natural a fresa.<\/li>\n\n\n\n<li>Sabor intenso y afrutado.<\/li>\n\n\n\n<li>Producto importado de M\u00e9xico.<\/li>\n<\/ul>\n\n\n\n<p><strong>Ingredientes:<\/strong><br>Agua carbonatada, az\u00facar, concentrado de fresa, \u00e1cido c\u00edtrico, conservadores, colorantes y saborizantes naturales y artificiales.<\/p>\n\n\n\n<p><strong>Informaci\u00f3n nutricional (por botella de 370 ml):<\/strong><\/p>\n\n\n\n<ul class=\"wp-block-list\">\n<li>Calor\u00edas: 150 kcal<\/li>\n\n\n\n<li>Az\u00facares: 37 g<\/li>\n\n\n\n<li>Sodio: 35 mg<\/li>\n\n\n\n<li>Carbohidratos totales: 39 g<\/li>\n<\/ul>\n\n\n\n<p><strong>Contenido neto:<\/strong> 370 ml<br><strong>Presentaci\u00f3n:<\/strong> Botella de vidrio<\/p>","protected":false},"excerpt":{"rendered":"<p>Jarritos Fresa 370 ml combina un sabor dulce, frutal y refrescante que evoca el gusto de las fresas maduras en cada sorbo.<\/p>","protected":false},"featured_media":9015,"comment_status":"open","ping_status":"closed","template":"","meta":{"_acf_changed":false},"product_brand":[335],"product_cat":[15],"product_tag":[92],"class_list":{"0":"post-9012","1":"product","2":"type-product","3":"status-publish","4":"has-post-thumbnail","6":"product_brand-jarritos","7":"product_cat-bebidas","8":"product_tag-mexico","9":"product_shipping_class-promocion-15-de-septiembre","11":"first","12":"outofstock","13":"sale","14":"taxable","15":"shipping-taxable","16":"purchasable","17":"product-type-simple"},"acf":[],"aioseo_notices":[],"_links":{"self":[{"href":"https:\/\/origenlatino.pl\/pl\/wp-json\/wp\/v2\/product\/9012","targetHints":{"allow":["GET"]}}],"collection":[{"href":"https:\/\/origenlatino.pl\/pl\/wp-json\/wp\/v2\/product"}],"about":[{"href":"https:\/\/origenlatino.pl\/pl\/wp-json\/wp\/v2\/types\/product"}],"replies":[{"embeddable":true,"href":"https:\/\/origenlatino.pl\/pl\/wp-json\/wp\/v2\/comments?post=9012"}],"wp:featuredmedia":[{"embeddable":true,"href":"https:\/\/origenlatino.pl\/pl\/wp-json\/wp\/v2\/media\/9015"}],"wp:attachment":[{"href":"https:\/\/origenlatino.pl\/pl\/wp-json\/wp\/v2\/media?parent=9012"}],"wp:term":[{"taxonomy":"product_brand","embeddable":true,"href":"https:\/\/origenlatino.pl\/pl\/wp-json\/wp\/v2\/product_brand?post=9012"},{"taxonomy":"product_cat","embeddable":true,"href":"https:\/\/origenlatino.pl\/pl\/wp-json\/wp\/v2\/product_cat?post=9012"},{"taxonomy":"product_tag","embeddable":true,"href":"https:\/\/origenlatino.pl\/pl\/wp-json\/wp\/v2\/product_tag?post=9012"}],"curies":[{"name":"wp","href":"https:\/\/api.w.org\/{rel}","templated":true}]}}